{"id":817,"date":"2022-08-06T06:58:03","date_gmt":"2022-08-06T06:58:03","guid":{"rendered":"http:\/\/marketpos.turkuaz-grup.com\/tr\/?page_id=817"},"modified":"2023-09-04T13:22:18","modified_gmt":"2023-09-04T13:22:18","slug":"marketpos-kullanmak-icin-hangi-cihaza-ihtiyacim-var","status":"publish","type":"page","link":"https:\/\/marketpos.turkuaz-grup.com\/tr\/marketpos-yardim-merkezi\/marketpos-kullanmak-icin-hangi-cihaza-ihtiyacim-var\/","title":{"rendered":"MarketPOS Sat\u0131\u015f POS uygulamas\u0131n\u0131 kullanmak i\u00e7in hangi cihaza ihtiyac\u0131m var?"},"content":{"rendered":"\n<div class=\"wp-block-group is-layout-constrained wp-block-group-is-layout-constrained\"><div class=\"wp-block-group__inner-container\">\n<p><a href=\"https:\/\/marketpos.turkuaz-grup.com\/tr\/2022\/07\/29\/bulut-pos-sistemi\/\">MarketPOS<\/a> Sat\u0131\u015f POS uygulamas\u0131n\u0131 kullanmak i\u00e7in belirli cihaz gereksinimlerine ihtiyac\u0131n\u0131z vard\u0131r. \u0130\u015fte bu gereksinimler:<\/p>\n\n\n\n<p><strong>1. Android \u0130\u015fletim Sistemi:<\/strong> MarketPOS&#8217;u kullanmak i\u00e7in Android i\u015fletim sistemine sahip bir cihaz gereklidir. Genellikle Android 6.0 veya daha yeni s\u00fcr\u00fcmleri destekleyen cihazlar uyumlu olacakt\u0131r.<\/p>\n\n\n\n<p><strong>2. Cihaz T\u00fcrleri:<\/strong> MarketPOS&#8217;u ak\u0131ll\u0131 telefon, tablet veya el terminalleri gibi \u00e7e\u015fitli Android cihazlar\u0131 \u00fczerinden kullanabilirsiniz. Bu cihazlar, kullan\u0131c\u0131lar\u0131n i\u015flem yapmas\u0131n\u0131 ve uygulaman\u0131n t\u00fcm \u00f6zelliklerine eri\u015fmesini sa\u011flar.<\/p>\n\n\n\n<p><strong>3. \u0130nternet Ba\u011flant\u0131s\u0131:<\/strong> MarketPOS uygulamas\u0131n\u0131n online servislerini kullanmak i\u00e7in g\u00fcvenilir bir internet ba\u011flant\u0131s\u0131na ihtiyac\u0131n\u0131z olacakt\u0131r. \u0130nternet, online sat\u0131\u015f i\u015flemlerinin ger\u00e7ekle\u015ftirilmesi, veri senkronizasyonu ve g\u00fcncellemeler i\u00e7in gereklidir.<\/p>\n\n\n\n<p><strong>4. Yeterli Depolama Alan\u0131:<\/strong> Cihaz\u0131n\u0131zda yeterli depolama alan\u0131n\u0131n olmas\u0131, uygulaman\u0131n sorunsuz \u00e7al\u0131\u015fmas\u0131n\u0131 ve verilerin kaydedilmesini sa\u011flar. Ancak, POS uygulamas\u0131 genellikle \u00e7ok fazla depolama alan\u0131 gerektirmez. RAM kapasitesi 2 GB&#8217;den fazla olan cihazlar\u0131 \u00f6neririz.<\/p>\n\n\n\n<p><strong>5. Ekran Boyutu:<\/strong> Cihaz\u0131n ekran boyutu, kullan\u0131m deneyiminizi etkiler. Yatay g\u00f6r\u00fcn\u00fcm i\u00e7in ekran boyutu en az 10 in\u00e7 olmal\u0131d\u0131r.<\/p>\n\n\n\n<p><strong>6. Kamera (Opsiyonel):<\/strong> Barkod tarama ve okuma gibi i\u015flevler i\u00e7in kamera kullan\u0131m\u0131n\u0131 destekler. Bu nedenle, kameraya sahip bir cihaz da i\u015finizi kolayla\u015ft\u0131r\u0131r.<\/p>\n\n\n\n<p><strong>7. Uygulama Ma\u011fazas\u0131:<\/strong> MarketPOS, Google Play Store veya uygun bir uygulama ma\u011fazas\u0131na sahip olan cihazlarda \u00e7al\u0131\u015f\u0131r. Bu nedenle, cihaz\u0131n\u0131z\u0131n bir uygulama ma\u011fazas\u0131na eri\u015fimi olmal\u0131d\u0131r.<\/p>\n\n\n\n<p>MarketPOS, i\u015fletmenizin sat\u0131\u015f ve sipari\u015f s\u00fcre\u00e7lerini optimize etmek i\u00e7in tasarlanm\u0131\u015f bir ara\u00e7t\u0131r. MarketPOS Sat\u0131\u015f POS uygulamas\u0131n\u0131 kullanmak i\u00e7in bu cihaz gereksinimlerine sahip bir Android cihaz\u0131 kullanarak, i\u015fletmenizin y\u00f6netimini daha etkili bir \u015fekilde yapabilirsiniz.<\/p>\n<\/div><\/div>\n\n\n<div class=\"wp-block-image\">\n<figure class=\"aligncenter size-full is-resized\"><a href=\"https:\/\/play.google.com\/store\/apps\/details?id=com.bupos\"><img decoding=\"async\" loading=\"lazy\" src=\"http:\/\/marketpos.turkuaz-grup.com\/tr\/wp-content\/uploads\/sites\/2\/2020\/06\/google-play-badge-300x116-1.png\" alt=\"\" class=\"wp-image-79\" style=\"width:300px;height:116px\" width=\"300\" height=\"116\" srcset=\"https:\/\/marketpos.turkuaz-grup.com\/tr\/wp-content\/uploads\/sites\/2\/2020\/06\/google-play-badge-300x116-1.png 300w, https:\/\/marketpos.turkuaz-grup.com\/tr\/wp-content\/uploads\/sites\/2\/2020\/06\/google-play-badge-300x116-1-155x60.png 155w\" sizes=\"(max-width: 300px) 100vw, 300px\" \/><\/a><figcaption class=\"wp-element-caption\"><strong>\u00dccretsiz Deneyin<\/strong><\/figcaption><\/figure><\/div>","protected":false},"excerpt":{"rendered":"<p>MarketPOS Sat\u0131\u015f POS uygulamas\u0131n\u0131 kullanabilmek i\u00e7in temelde bir Android i\u015fletim sistemine sahip bir cihaza ihtiyac\u0131n\u0131z olacakt\u0131r. \u0130\u015fte MarketPOS&#8217;u kullanmak i\u00e7in gereken genel cihaz gereksinimleri:<\/p>\n","protected":false},"author":1,"featured_media":0,"parent":733,"menu_order":0,"comment_status":"closed","ping_status":"closed","template":"","meta":{"footnotes":""},"yoast_head":"<!-- This site is optimized with the Yoast SEO plugin v20.13 - https:\/\/yoast.com\/wordpress\/plugins\/seo\/ -->\n<title>MarketPOS Sat\u0131\u015f POS uygulamas\u0131n\u0131 kullanmak i\u00e7in hangi cihaza ihtiyac\u0131m var? - MarketPOS<\/title>\n<meta name=\"description\" content=\"MarketPOS Sat\u0131\u015f POS uygulamas\u0131n\u0131 kullanabilmek i\u00e7in belirli cihaz gereksinimlerine ihtiyac\u0131n\u0131z vard\u0131r. \u0130\u015fte bu gereksinimler:\" \/>\n<meta name=\"robots\" content=\"index, follow, max-snippet:-1, max-image-preview:large, max-video-preview:-1\" \/>\n<link rel=\"canonical\" href=\"https:\/\/marketpos.turkuaz-grup.com\/tr\/marketpos-yardim-merkezi\/marketpos-kullanmak-icin-hangi-cihaza-ihtiyacim-var\/\" \/>\n<meta property=\"og:locale\" content=\"tr_TR\" \/>\n<meta property=\"og:type\" content=\"article\" \/>\n<meta property=\"og:title\" content=\"MarketPOS Sat\u0131\u015f POS uygulamas\u0131n\u0131 kullanmak i\u00e7in hangi cihaza ihtiyac\u0131m var? - MarketPOS\" \/>\n<meta property=\"og:description\" content=\"MarketPOS Sat\u0131\u015f POS uygulamas\u0131n\u0131 kullanabilmek i\u00e7in belirli cihaz gereksinimlerine ihtiyac\u0131n\u0131z vard\u0131r. \u0130\u015fte bu gereksinimler:\" \/>\n<meta property=\"og:url\" content=\"https:\/\/marketpos.turkuaz-grup.com\/tr\/marketpos-yardim-merkezi\/marketpos-kullanmak-icin-hangi-cihaza-ihtiyacim-var\/\" \/>\n<meta property=\"og:site_name\" content=\"MarketPOS\" \/>\n<meta property=\"article:publisher\" content=\"https:\/\/www.facebook.com\/Turkuaz-Grup-Teknoloji-100140012062604\/?ref=page_internal\" \/>\n<meta property=\"article:modified_time\" content=\"2023-09-04T13:22:18+00:00\" \/>\n<meta property=\"og:image\" content=\"http:\/\/marketpos.turkuaz-grup.com\/tr\/wp-content\/uploads\/sites\/2\/2020\/06\/google-play-badge-300x116-1.png\" \/>\n<meta name=\"twitter:card\" content=\"summary_large_image\" \/>\n<meta name=\"twitter:label1\" content=\"Tahmini okuma s\u00fcresi\" \/>\n\t<meta name=\"twitter:data1\" content=\"2 dakika\" \/>\n<script type=\"application\/ld+json\" class=\"yoast-schema-graph\">{\"@context\":\"https:\/\/schema.org\",\"@graph\":[{\"@type\":\"WebPage\",\"@id\":\"https:\/\/marketpos.turkuaz-grup.com\/tr\/marketpos-yardim-merkezi\/marketpos-kullanmak-icin-hangi-cihaza-ihtiyacim-var\/\",\"url\":\"https:\/\/marketpos.turkuaz-grup.com\/tr\/marketpos-yardim-merkezi\/marketpos-kullanmak-icin-hangi-cihaza-ihtiyacim-var\/\",\"name\":\"MarketPOS Sat\u0131\u015f POS uygulamas\u0131n\u0131 kullanmak i\u00e7in hangi cihaza ihtiyac\u0131m var? - MarketPOS\",\"isPartOf\":{\"@id\":\"https:\/\/marketpos.turkuaz-grup.com\/tr\/#website\"},\"datePublished\":\"2022-08-06T06:58:03+00:00\",\"dateModified\":\"2023-09-04T13:22:18+00:00\",\"description\":\"MarketPOS Sat\u0131\u015f POS uygulamas\u0131n\u0131 kullanabilmek i\u00e7in belirli cihaz gereksinimlerine ihtiyac\u0131n\u0131z vard\u0131r. \u0130\u015fte bu gereksinimler:\",\"breadcrumb\":{\"@id\":\"https:\/\/marketpos.turkuaz-grup.com\/tr\/marketpos-yardim-merkezi\/marketpos-kullanmak-icin-hangi-cihaza-ihtiyacim-var\/#breadcrumb\"},\"inLanguage\":\"tr\",\"potentialAction\":[{\"@type\":\"ReadAction\",\"target\":[\"https:\/\/marketpos.turkuaz-grup.com\/tr\/marketpos-yardim-merkezi\/marketpos-kullanmak-icin-hangi-cihaza-ihtiyacim-var\/\"]}]},{\"@type\":\"BreadcrumbList\",\"@id\":\"https:\/\/marketpos.turkuaz-grup.com\/tr\/marketpos-yardim-merkezi\/marketpos-kullanmak-icin-hangi-cihaza-ihtiyacim-var\/#breadcrumb\",\"itemListElement\":[{\"@type\":\"ListItem\",\"position\":1,\"name\":\"Home\",\"item\":\"https:\/\/marketpos.turkuaz-grup.com\/tr\/\"},{\"@type\":\"ListItem\",\"position\":2,\"name\":\"MarketPOS Yard\u0131m Merkezi\",\"item\":\"https:\/\/marketpos.turkuaz-grup.com\/tr\/marketpos-yardim-merkezi\/\"},{\"@type\":\"ListItem\",\"position\":3,\"name\":\"MarketPOS Sat\u0131\u015f POS uygulamas\u0131n\u0131 kullanmak i\u00e7in hangi cihaza ihtiyac\u0131m var?\"}]},{\"@type\":\"WebSite\",\"@id\":\"https:\/\/marketpos.turkuaz-grup.com\/tr\/#website\",\"url\":\"https:\/\/marketpos.turkuaz-grup.com\/tr\/\",\"name\":\"MarketPOS\",\"description\":\"Sat\u0131\u015f ve Stok POS Sistemi\",\"publisher\":{\"@id\":\"https:\/\/marketpos.turkuaz-grup.com\/tr\/#organization\"},\"potentialAction\":[{\"@type\":\"SearchAction\",\"target\":{\"@type\":\"EntryPoint\",\"urlTemplate\":\"https:\/\/marketpos.turkuaz-grup.com\/tr\/?s={search_term_string}\"},\"query-input\":\"required name=search_term_string\"}],\"inLanguage\":\"tr\"},{\"@type\":\"Organization\",\"@id\":\"https:\/\/marketpos.turkuaz-grup.com\/tr\/#organization\",\"name\":\"MarketPOS\",\"url\":\"https:\/\/marketpos.turkuaz-grup.com\/tr\/\",\"logo\":{\"@type\":\"ImageObject\",\"inLanguage\":\"tr\",\"@id\":\"https:\/\/marketpos.turkuaz-grup.com\/tr\/#\/schema\/logo\/image\/\",\"url\":\"https:\/\/marketpos.turkuaz-grup.com\/tr\/wp-content\/uploads\/sites\/2\/2022\/08\/cropped-cropped-marketpos_logo-tasarimi_512x512-01.png\",\"contentUrl\":\"https:\/\/marketpos.turkuaz-grup.com\/tr\/wp-content\/uploads\/sites\/2\/2022\/08\/cropped-cropped-marketpos_logo-tasarimi_512x512-01.png\",\"width\":512,\"height\":512,\"caption\":\"MarketPOS\"},\"image\":{\"@id\":\"https:\/\/marketpos.turkuaz-grup.com\/tr\/#\/schema\/logo\/image\/\"},\"sameAs\":[\"https:\/\/www.facebook.com\/Turkuaz-Grup-Teknoloji-100140012062604\/?ref=page_internal\"]}]}<\/script>\n<!-- \/ Yoast SEO plugin. -->","yoast_head_json":{"title":"MarketPOS Sat\u0131\u015f POS uygulamas\u0131n\u0131 kullanmak i\u00e7in hangi cihaza ihtiyac\u0131m var? - MarketPOS","description":"MarketPOS Sat\u0131\u015f POS uygulamas\u0131n\u0131 kullanabilmek i\u00e7in belirli cihaz gereksinimlerine ihtiyac\u0131n\u0131z vard\u0131r. \u0130\u015fte bu gereksinimler:","robots":{"index":"index","follow":"follow","max-snippet":"max-snippet:-1","max-image-preview":"max-image-preview:large","max-video-preview":"max-video-preview:-1"},"canonical":"https:\/\/marketpos.turkuaz-grup.com\/tr\/marketpos-yardim-merkezi\/marketpos-kullanmak-icin-hangi-cihaza-ihtiyacim-var\/","og_locale":"tr_TR","og_type":"article","og_title":"MarketPOS Sat\u0131\u015f POS uygulamas\u0131n\u0131 kullanmak i\u00e7in hangi cihaza ihtiyac\u0131m var? - MarketPOS","og_description":"MarketPOS Sat\u0131\u015f POS uygulamas\u0131n\u0131 kullanabilmek i\u00e7in belirli cihaz gereksinimlerine ihtiyac\u0131n\u0131z vard\u0131r. \u0130\u015fte bu gereksinimler:","og_url":"https:\/\/marketpos.turkuaz-grup.com\/tr\/marketpos-yardim-merkezi\/marketpos-kullanmak-icin-hangi-cihaza-ihtiyacim-var\/","og_site_name":"MarketPOS","article_publisher":"https:\/\/www.facebook.com\/Turkuaz-Grup-Teknoloji-100140012062604\/?ref=page_internal","article_modified_time":"2023-09-04T13:22:18+00:00","og_image":[{"url":"http:\/\/marketpos.turkuaz-grup.com\/tr\/wp-content\/uploads\/sites\/2\/2020\/06\/google-play-badge-300x116-1.png"}],"twitter_card":"summary_large_image","twitter_misc":{"Tahmini okuma s\u00fcresi":"2 dakika"},"schema":{"@context":"https:\/\/schema.org","@graph":[{"@type":"WebPage","@id":"https:\/\/marketpos.turkuaz-grup.com\/tr\/marketpos-yardim-merkezi\/marketpos-kullanmak-icin-hangi-cihaza-ihtiyacim-var\/","url":"https:\/\/marketpos.turkuaz-grup.com\/tr\/marketpos-yardim-merkezi\/marketpos-kullanmak-icin-hangi-cihaza-ihtiyacim-var\/","name":"MarketPOS Sat\u0131\u015f POS uygulamas\u0131n\u0131 kullanmak i\u00e7in hangi cihaza ihtiyac\u0131m var? - MarketPOS","isPartOf":{"@id":"https:\/\/marketpos.turkuaz-grup.com\/tr\/#website"},"datePublished":"2022-08-06T06:58:03+00:00","dateModified":"2023-09-04T13:22:18+00:00","description":"MarketPOS Sat\u0131\u015f POS uygulamas\u0131n\u0131 kullanabilmek i\u00e7in belirli cihaz gereksinimlerine ihtiyac\u0131n\u0131z vard\u0131r. \u0130\u015fte bu gereksinimler:","breadcrumb":{"@id":"https:\/\/marketpos.turkuaz-grup.com\/tr\/marketpos-yardim-merkezi\/marketpos-kullanmak-icin-hangi-cihaza-ihtiyacim-var\/#breadcrumb"},"inLanguage":"tr","potentialAction":[{"@type":"ReadAction","target":["https:\/\/marketpos.turkuaz-grup.com\/tr\/marketpos-yardim-merkezi\/marketpos-kullanmak-icin-hangi-cihaza-ihtiyacim-var\/"]}]},{"@type":"BreadcrumbList","@id":"https:\/\/marketpos.turkuaz-grup.com\/tr\/marketpos-yardim-merkezi\/marketpos-kullanmak-icin-hangi-cihaza-ihtiyacim-var\/#breadcrumb","itemListElement":[{"@type":"ListItem","position":1,"name":"Home","item":"https:\/\/marketpos.turkuaz-grup.com\/tr\/"},{"@type":"ListItem","position":2,"name":"MarketPOS Yard\u0131m Merkezi","item":"https:\/\/marketpos.turkuaz-grup.com\/tr\/marketpos-yardim-merkezi\/"},{"@type":"ListItem","position":3,"name":"MarketPOS Sat\u0131\u015f POS uygulamas\u0131n\u0131 kullanmak i\u00e7in hangi cihaza ihtiyac\u0131m var?"}]},{"@type":"WebSite","@id":"https:\/\/marketpos.turkuaz-grup.com\/tr\/#website","url":"https:\/\/marketpos.turkuaz-grup.com\/tr\/","name":"MarketPOS","description":"Sat\u0131\u015f ve Stok POS Sistemi","publisher":{"@id":"https:\/\/marketpos.turkuaz-grup.com\/tr\/#organization"},"potentialAction":[{"@type":"SearchAction","target":{"@type":"EntryPoint","urlTemplate":"https:\/\/marketpos.turkuaz-grup.com\/tr\/?s={search_term_string}"},"query-input":"required name=search_term_string"}],"inLanguage":"tr"},{"@type":"Organization","@id":"https:\/\/marketpos.turkuaz-grup.com\/tr\/#organization","name":"MarketPOS","url":"https:\/\/marketpos.turkuaz-grup.com\/tr\/","logo":{"@type":"ImageObject","inLanguage":"tr","@id":"https:\/\/marketpos.turkuaz-grup.com\/tr\/#\/schema\/logo\/image\/","url":"https:\/\/marketpos.turkuaz-grup.com\/tr\/wp-content\/uploads\/sites\/2\/2022\/08\/cropped-cropped-marketpos_logo-tasarimi_512x512-01.png","contentUrl":"https:\/\/marketpos.turkuaz-grup.com\/tr\/wp-content\/uploads\/sites\/2\/2022\/08\/cropped-cropped-marketpos_logo-tasarimi_512x512-01.png","width":512,"height":512,"caption":"MarketPOS"},"image":{"@id":"https:\/\/marketpos.turkuaz-grup.com\/tr\/#\/schema\/logo\/image\/"},"sameAs":["https:\/\/www.facebook.com\/Turkuaz-Grup-Teknoloji-100140012062604\/?ref=page_internal"]}]}},"_links":{"self":[{"href":"https:\/\/marketpos.turkuaz-grup.com\/tr\/wp-json\/wp\/v2\/pages\/817"}],"collection":[{"href":"https:\/\/marketpos.turkuaz-grup.com\/tr\/wp-json\/wp\/v2\/pages"}],"about":[{"href":"https:\/\/marketpos.turkuaz-grup.com\/tr\/wp-json\/wp\/v2\/types\/page"}],"author":[{"embeddable":true,"href":"https:\/\/marketpos.turkuaz-grup.com\/tr\/wp-json\/wp\/v2\/users\/1"}],"replies":[{"embeddable":true,"href":"https:\/\/marketpos.turkuaz-grup.com\/tr\/wp-json\/wp\/v2\/comments?post=817"}],"version-history":[{"count":5,"href":"https:\/\/marketpos.turkuaz-grup.com\/tr\/wp-json\/wp\/v2\/pages\/817\/revisions"}],"predecessor-version":[{"id":2173,"href":"https:\/\/marketpos.turkuaz-grup.com\/tr\/wp-json\/wp\/v2\/pages\/817\/revisions\/2173"}],"up":[{"embeddable":true,"href":"https:\/\/marketpos.turkuaz-grup.com\/tr\/wp-json\/wp\/v2\/pages\/733"}],"wp:attachment":[{"href":"https:\/\/marketpos.turkuaz-grup.com\/tr\/wp-json\/wp\/v2\/media?parent=817"}],"curies":[{"name":"wp","href":"https:\/\/api.w.org\/{rel}","templated":true}]}}