{"id":808,"date":"2022-08-06T06:52:38","date_gmt":"2022-08-06T06:52:38","guid":{"rendered":"http:\/\/marketpos.turkuaz-grup.com\/tr\/?page_id=808"},"modified":"2023-11-30T09:10:44","modified_gmt":"2023-11-30T09:10:44","slug":"uygulama-aboneligi-nasil-satin-alinir","status":"publish","type":"page","link":"https:\/\/marketpos.turkuaz-grup.com\/tr\/marketpos-yardim-merkezi\/uygulama-aboneligi-nasil-satin-alinir\/","title":{"rendered":"Uygulama aboneli\u011fi nas\u0131l sat\u0131n al\u0131n\u0131r?"},"content":{"rendered":"\n<p><a href=\"https:\/\/marketpos.turkuaz-grup.com\/tr\/2022\/07\/29\/bulut-pos-sistemi\/\">MarketPOS<\/a> uygulamas\u0131n\u0131n sundu\u011fu abonelik se\u00e7enekleri ile i\u015fletmenizi daha etkili bir \u015fekilde y\u00f6netmek ve b\u00fcy\u00fctmek i\u00e7in ad\u0131m at\u0131n. Uygulama aboneli\u011fi i\u015fletme ihtiya\u00e7lar\u0131na g\u00f6re \u00f6zellikler ve avantajlar sunar. <\/p>\n\n\n\n<h2 class=\"wp-block-heading\"><strong>Uygulama Aboneli\u011fi Detaylar\u0131<\/strong><\/h2>\n\n\n\n<figure class=\"wp-block-table is-style-stripes has-medium-font-size\"><table class=\"has-black-color has-white-background-color has-text-color has-background has-fixed-layout\"><thead><tr><th>\u00d6zellikler<\/th><th class=\"has-text-align-center\" data-align=\"center\">\u00dccretsiz Plan<\/th><th class=\"has-text-align-center\" data-align=\"center\">Profesyonel Plan<\/th><\/tr><\/thead><tbody><tr><td>S\u0131n\u0131rs\u0131z \u00dcr\u00fcn Ekleme<\/td><td class=\"has-text-align-center\" data-align=\"center\">\u2714<\/td><td class=\"has-text-align-center\" data-align=\"center\">\u2714<\/td><\/tr><tr><td>H\u0131zl\u0131 Sat\u0131\u015f<\/td><td class=\"has-text-align-center\" data-align=\"center\">\u2714<\/td><td class=\"has-text-align-center\" data-align=\"center\">\u2714<\/td><\/tr><tr><td>\u00c7evrimi\u00e7i(Online) Katalog<\/td><td class=\"has-text-align-center\" data-align=\"center\">\u2714<\/td><td class=\"has-text-align-center\" data-align=\"center\">\u2714<\/td><\/tr><tr><td>\u00c7evrimi\u00e7i(Online) Sipari\u015f<\/td><td class=\"has-text-align-center\" data-align=\"center\">\u2714<\/td><td class=\"has-text-align-center\" data-align=\"center\">\u2714<\/td><\/tr><tr><td>\u00dcr\u00fcn Ba\u015f\u0131na Resimler<\/td><td class=\"has-text-align-center\" data-align=\"center\">\u2714<\/td><td class=\"has-text-align-center\" data-align=\"center\">\u2714<\/td><\/tr><tr><td>Sipari\u015f Y\u00f6netimi<\/td><td class=\"has-text-align-center\" data-align=\"center\">100 sipari\u015fe kadar<\/td><td class=\"has-text-align-center\" data-align=\"center\">\u2714<\/td><\/tr><tr><td>Fi\u015f Yazd\u0131rma<\/td><td class=\"has-text-align-center\" data-align=\"center\">100 sipari\u015fe kadar<\/td><td class=\"has-text-align-center\" data-align=\"center\">\u2714<\/td><\/tr><tr><td>Kasa ve Y\u00f6netici Kullan\u0131c\u0131s\u0131 Ekleme<sup>1<\/sup><\/td><td class=\"has-text-align-center\" data-align=\"center\">\u2714<\/td><td class=\"has-text-align-center\" data-align=\"center\">\u2714<\/td><\/tr><tr><td>Rapor<\/td><td class=\"has-text-align-center\" data-align=\"center\">100 sipari\u015fe kadar<\/td><td class=\"has-text-align-center\" data-align=\"center\">\u2714<\/td><\/tr><tr><td>Stok Y\u00f6netimi<\/td><td class=\"has-text-align-center\" data-align=\"center\">\u2714<\/td><td class=\"has-text-align-center\" data-align=\"center\">\u2714<\/td><\/tr><tr><td>M\u00fc\u015fteri Y\u00f6netimi<\/td><td class=\"has-text-align-center\" data-align=\"center\">\u2714<\/td><td class=\"has-text-align-center\" data-align=\"center\">\u2714<\/td><\/tr><tr><td>\u00d6zel Web Sitesi<\/td><td class=\"has-text-align-center\" data-align=\"center\">\u2714<\/td><td class=\"has-text-align-center\" data-align=\"center\">\u2714<\/td><\/tr><tr><td>Men\u00fc Y\u00f6netimi<\/td><td class=\"has-text-align-center\" data-align=\"center\">\u2714<\/td><td class=\"has-text-align-center\" data-align=\"center\">\u2714<\/td><\/tr><\/tbody><\/table><\/figure>\n\n\n\n<h2 class=\"wp-block-heading\">\u0130fadeler ve A\u00e7\u0131klamalar\u0131<\/h2>\n\n\n\n<p>Y\u00f6netici Kullan\u0131c\u0131s\u0131: Sistemi ilk y\u00fckledi\u011finiz mail adresinize ba\u011fl\u0131 ve sistemin sahibi olan kullan\u0131c\u0131d\u0131r. Bir y\u00f6netici kulan\u0131c\u0131s\u0131 ayn\u0131 zamanda kasa kullan\u0131c\u0131s\u0131 \u00f6zelliklerine de sahiptir.<\/p>\n\n\n\n<p>Kasa Kullan\u0131c\u0131s\u0131: Y\u00f6netici kullan\u0131c\u0131s\u0131n\u0131n sisteme dahil etti\u011fi ve sadece sipari\u015f operasyonlar\u0131 i\u00e7in i\u015flem yapabilen kullan\u0131c\u0131d\u0131r.<\/p>\n\n\n\n<p><sup>1<\/sup>Kullan\u0131c\u0131lar\u0131n ayn\u0131 lisans alt\u0131ndaki eposta adresiyle uygulamaya giri\u015f yapmas\u0131 gerekmektedir.<\/p>\n\n\n\n<div style=\"height:58px\" aria-hidden=\"true\" class=\"wp-block-spacer\"><\/div>\n\n\n\n<p><strong>Abonelik \u0130\u015flemi \u0130\u00e7in Uygulanacak Ad\u0131mlar:<\/strong><\/p>\n\n\n\n<p>1- MarketPOS&#8217;a Sistem Y\u00f6neticisi olarak giri\u015f yap\u0131n. Sol \u00fcstteki \u00fc\u00e7 \u00e7izgiye dokunun. A\u00e7\u0131lan s\u00fcrg\u00fcl\u00fc men\u00fcdeki  Y\u00f6netim Men\u00fcleri b\u00f6l\u00fcm\u00fcnden MarketPOS \u00dcyelik Sekmesine giri\u015f yap\u0131n. <\/p>\n\n\n\n<figure class=\"wp-block-gallery has-nested-images columns-default is-cropped wp-block-gallery-1 is-layout-flex wp-block-gallery-is-layout-flex\">\n<figure class=\"wp-block-image size-large\"><img decoding=\"async\" loading=\"lazy\" width=\"576\" height=\"1024\" data-id=\"1891\" src=\"https:\/\/marketpos.turkuaz-grup.com\/tr\/wp-content\/uploads\/sites\/2\/2023\/09\/WhatsApp-Image-2023-09-26-at-10.20.39-2-24-576x1024.jpeg\" alt=\"\" class=\"wp-image-1891\" srcset=\"https:\/\/marketpos.turkuaz-grup.com\/tr\/wp-content\/uploads\/sites\/2\/2023\/09\/WhatsApp-Image-2023-09-26-at-10.20.39-2-24-576x1024.jpeg 576w, https:\/\/marketpos.turkuaz-grup.com\/tr\/wp-content\/uploads\/sites\/2\/2023\/09\/WhatsApp-Image-2023-09-26-at-10.20.39-2-24-169x300.jpeg 169w, https:\/\/marketpos.turkuaz-grup.com\/tr\/wp-content\/uploads\/sites\/2\/2023\/09\/WhatsApp-Image-2023-09-26-at-10.20.39-2-24-768x1365.jpeg 768w, https:\/\/marketpos.turkuaz-grup.com\/tr\/wp-content\/uploads\/sites\/2\/2023\/09\/WhatsApp-Image-2023-09-26-at-10.20.39-2-24-864x1536.jpeg 864w, https:\/\/marketpos.turkuaz-grup.com\/tr\/wp-content\/uploads\/sites\/2\/2023\/09\/WhatsApp-Image-2023-09-26-at-10.20.39-2-24-34x60.jpeg 34w, https:\/\/marketpos.turkuaz-grup.com\/tr\/wp-content\/uploads\/sites\/2\/2023\/09\/WhatsApp-Image-2023-09-26-at-10.20.39-2-24.jpeg 1080w\" sizes=\"(max-width: 576px) 100vw, 576px\" \/><\/figure>\n\n\n\n<figure class=\"wp-block-image size-large\"><img decoding=\"async\" loading=\"lazy\" width=\"576\" height=\"1024\" data-id=\"1892\" src=\"https:\/\/marketpos.turkuaz-grup.com\/tr\/wp-content\/uploads\/sites\/2\/2023\/09\/WhatsApp-Image-2023-09-28-at-10.59.31-1-25-576x1024.jpeg\" alt=\"\" class=\"wp-image-1892\" srcset=\"https:\/\/marketpos.turkuaz-grup.com\/tr\/wp-content\/uploads\/sites\/2\/2023\/09\/WhatsApp-Image-2023-09-28-at-10.59.31-1-25-576x1024.jpeg 576w, https:\/\/marketpos.turkuaz-grup.com\/tr\/wp-content\/uploads\/sites\/2\/2023\/09\/WhatsApp-Image-2023-09-28-at-10.59.31-1-25-169x300.jpeg 169w, https:\/\/marketpos.turkuaz-grup.com\/tr\/wp-content\/uploads\/sites\/2\/2023\/09\/WhatsApp-Image-2023-09-28-at-10.59.31-1-25-768x1366.jpeg 768w, https:\/\/marketpos.turkuaz-grup.com\/tr\/wp-content\/uploads\/sites\/2\/2023\/09\/WhatsApp-Image-2023-09-28-at-10.59.31-1-25-864x1536.jpeg 864w, https:\/\/marketpos.turkuaz-grup.com\/tr\/wp-content\/uploads\/sites\/2\/2023\/09\/WhatsApp-Image-2023-09-28-at-10.59.31-1-25-34x60.jpeg 34w, https:\/\/marketpos.turkuaz-grup.com\/tr\/wp-content\/uploads\/sites\/2\/2023\/09\/WhatsApp-Image-2023-09-28-at-10.59.31-1-25.jpeg 899w\" sizes=\"(max-width: 576px) 100vw, 576px\" \/><\/figure>\n<\/figure>\n\n\n\n<figure class=\"wp-block-image size-large\"><img decoding=\"async\" loading=\"lazy\" width=\"576\" height=\"1024\" src=\"https:\/\/marketpos.turkuaz-grup.com\/tr\/wp-content\/uploads\/sites\/2\/2023\/09\/WhatsApp-Image-2023-09-18-at-11.00.30-576x1024.jpeg\" alt=\"\" class=\"wp-image-1696\" srcset=\"https:\/\/marketpos.turkuaz-grup.com\/tr\/wp-content\/uploads\/sites\/2\/2023\/09\/WhatsApp-Image-2023-09-18-at-11.00.30-576x1024.jpeg 576w, https:\/\/marketpos.turkuaz-grup.com\/tr\/wp-content\/uploads\/sites\/2\/2023\/09\/WhatsApp-Image-2023-09-18-at-11.00.30-169x300.jpeg 169w, https:\/\/marketpos.turkuaz-grup.com\/tr\/wp-content\/uploads\/sites\/2\/2023\/09\/WhatsApp-Image-2023-09-18-at-11.00.30-768x1366.jpeg 768w, https:\/\/marketpos.turkuaz-grup.com\/tr\/wp-content\/uploads\/sites\/2\/2023\/09\/WhatsApp-Image-2023-09-18-at-11.00.30-864x1536.jpeg 864w, https:\/\/marketpos.turkuaz-grup.com\/tr\/wp-content\/uploads\/sites\/2\/2023\/09\/WhatsApp-Image-2023-09-18-at-11.00.30-34x60.jpeg 34w, https:\/\/marketpos.turkuaz-grup.com\/tr\/wp-content\/uploads\/sites\/2\/2023\/09\/WhatsApp-Image-2023-09-18-at-11.00.30.jpeg 899w\" sizes=\"(max-width: 576px) 100vw, 576px\" \/><\/figure>\n\n\n\n<div style=\"height:58px\" aria-hidden=\"true\" class=\"wp-block-spacer\"><\/div>\n\n\n\n<p>2- Al\u0131nmak istenen abonelik periyodu se\u00e7ilerek Sat\u0131n Al butonuna dokunun.<\/p>\n\n\n\n<figure class=\"wp-block-gallery has-nested-images columns-default is-cropped wp-block-gallery-3 is-layout-flex wp-block-gallery-is-layout-flex\">\n<figure class=\"wp-block-image size-large\"><img decoding=\"async\" loading=\"lazy\" width=\"576\" height=\"1024\" data-id=\"1700\" src=\"https:\/\/marketpos.turkuaz-grup.com\/tr\/wp-content\/uploads\/sites\/2\/2023\/09\/WhatsApp-Image-2023-09-18-at-11.00.29-3-576x1024.jpeg\" alt=\"\" class=\"wp-image-1700\" srcset=\"https:\/\/marketpos.turkuaz-grup.com\/tr\/wp-content\/uploads\/sites\/2\/2023\/09\/WhatsApp-Image-2023-09-18-at-11.00.29-3-576x1024.jpeg 576w, https:\/\/marketpos.turkuaz-grup.com\/tr\/wp-content\/uploads\/sites\/2\/2023\/09\/WhatsApp-Image-2023-09-18-at-11.00.29-3-169x300.jpeg 169w, https:\/\/marketpos.turkuaz-grup.com\/tr\/wp-content\/uploads\/sites\/2\/2023\/09\/WhatsApp-Image-2023-09-18-at-11.00.29-3-768x1366.jpeg 768w, https:\/\/marketpos.turkuaz-grup.com\/tr\/wp-content\/uploads\/sites\/2\/2023\/09\/WhatsApp-Image-2023-09-18-at-11.00.29-3-864x1536.jpeg 864w, https:\/\/marketpos.turkuaz-grup.com\/tr\/wp-content\/uploads\/sites\/2\/2023\/09\/WhatsApp-Image-2023-09-18-at-11.00.29-3-34x60.jpeg 34w, https:\/\/marketpos.turkuaz-grup.com\/tr\/wp-content\/uploads\/sites\/2\/2023\/09\/WhatsApp-Image-2023-09-18-at-11.00.29-3.jpeg 899w\" sizes=\"(max-width: 576px) 100vw, 576px\" \/><\/figure>\n\n\n\n<figure class=\"wp-block-image size-large\"><img decoding=\"async\" loading=\"lazy\" width=\"576\" height=\"1024\" data-id=\"1701\" src=\"https:\/\/marketpos.turkuaz-grup.com\/tr\/wp-content\/uploads\/sites\/2\/2023\/09\/WhatsApp-Image-2023-09-18-at-11.00.29-1-1-576x1024.jpeg\" alt=\"\" class=\"wp-image-1701\" srcset=\"https:\/\/marketpos.turkuaz-grup.com\/tr\/wp-content\/uploads\/sites\/2\/2023\/09\/WhatsApp-Image-2023-09-18-at-11.00.29-1-1-576x1024.jpeg 576w, https:\/\/marketpos.turkuaz-grup.com\/tr\/wp-content\/uploads\/sites\/2\/2023\/09\/WhatsApp-Image-2023-09-18-at-11.00.29-1-1-169x300.jpeg 169w, https:\/\/marketpos.turkuaz-grup.com\/tr\/wp-content\/uploads\/sites\/2\/2023\/09\/WhatsApp-Image-2023-09-18-at-11.00.29-1-1-768x1366.jpeg 768w, https:\/\/marketpos.turkuaz-grup.com\/tr\/wp-content\/uploads\/sites\/2\/2023\/09\/WhatsApp-Image-2023-09-18-at-11.00.29-1-1-864x1536.jpeg 864w, https:\/\/marketpos.turkuaz-grup.com\/tr\/wp-content\/uploads\/sites\/2\/2023\/09\/WhatsApp-Image-2023-09-18-at-11.00.29-1-1-34x60.jpeg 34w, https:\/\/marketpos.turkuaz-grup.com\/tr\/wp-content\/uploads\/sites\/2\/2023\/09\/WhatsApp-Image-2023-09-18-at-11.00.29-1-1.jpeg 899w\" sizes=\"(max-width: 576px) 100vw, 576px\" \/><\/figure>\n<\/figure>\n\n\n\n<div style=\"height:58px\" aria-hidden=\"true\" class=\"wp-block-spacer\"><\/div>\n\n\n\n<p>3- Google play \u00fczerinden g\u00fcvenli ve h\u0131zl\u0131 bir \u015fekilde \u00f6deme tamamlan\u0131r. Abonelik i\u015flemi tamamlan\u0131r.<\/p>\n\n\n\n<figure class=\"wp-block-image size-large\"><img decoding=\"async\" loading=\"lazy\" width=\"576\" height=\"1024\" src=\"https:\/\/marketpos.turkuaz-grup.com\/tr\/wp-content\/uploads\/sites\/2\/2023\/09\/WhatsApp-Image-2023-09-18-at-11.00.28-576x1024.jpeg\" alt=\"\" class=\"wp-image-1702\" srcset=\"https:\/\/marketpos.turkuaz-grup.com\/tr\/wp-content\/uploads\/sites\/2\/2023\/09\/WhatsApp-Image-2023-09-18-at-11.00.28-576x1024.jpeg 576w, https:\/\/marketpos.turkuaz-grup.com\/tr\/wp-content\/uploads\/sites\/2\/2023\/09\/WhatsApp-Image-2023-09-18-at-11.00.28-169x300.jpeg 169w, https:\/\/marketpos.turkuaz-grup.com\/tr\/wp-content\/uploads\/sites\/2\/2023\/09\/WhatsApp-Image-2023-09-18-at-11.00.28-768x1366.jpeg 768w, https:\/\/marketpos.turkuaz-grup.com\/tr\/wp-content\/uploads\/sites\/2\/2023\/09\/WhatsApp-Image-2023-09-18-at-11.00.28-864x1536.jpeg 864w, https:\/\/marketpos.turkuaz-grup.com\/tr\/wp-content\/uploads\/sites\/2\/2023\/09\/WhatsApp-Image-2023-09-18-at-11.00.28-34x60.jpeg 34w, https:\/\/marketpos.turkuaz-grup.com\/tr\/wp-content\/uploads\/sites\/2\/2023\/09\/WhatsApp-Image-2023-09-18-at-11.00.28.jpeg 899w\" sizes=\"(max-width: 576px) 100vw, 576px\" \/><\/figure>\n\n\n\n<div style=\"height:58px\" aria-hidden=\"true\" class=\"wp-block-spacer\"><\/div>\n\n\n<div class=\"wp-block-image\">\n<figure class=\"aligncenter size-full is-resized\"><a href=\"https:\/\/play.google.com\/store\/apps\/details?id=com.bupos\"><img decoding=\"async\" loading=\"lazy\" width=\"300\" height=\"116\" src=\"http:\/\/marketpos.turkuaz-grup.com\/tr\/wp-content\/uploads\/sites\/2\/2020\/06\/google-play-badge-300x116-1.png\" alt=\"\" class=\"wp-image-79\" style=\"width:300px;height:116px\" srcset=\"https:\/\/marketpos.turkuaz-grup.com\/tr\/wp-content\/uploads\/sites\/2\/2020\/06\/google-play-badge-300x116-1.png 300w, https:\/\/marketpos.turkuaz-grup.com\/tr\/wp-content\/uploads\/sites\/2\/2020\/06\/google-play-badge-300x116-1-155x60.png 155w\" sizes=\"(max-width: 300px) 100vw, 300px\" \/><\/a><figcaption class=\"wp-element-caption\"><strong>\u00dccretsiz Deneyin<\/strong><\/figcaption><\/figure><\/div>\n\n\n<div style=\"height:100px\" aria-hidden=\"true\" class=\"wp-block-spacer\"><\/div>\n\n\n\n<p>Yard\u0131m ile ilgili videomuzu buradan izleyebilirsiniz.<\/p>\n\n\n\n<figure class=\"wp-block-embed is-type-video is-provider-youtube wp-block-embed-youtube wp-embed-aspect-16-9 wp-has-aspect-ratio\"><div class=\"wp-block-embed__wrapper\">\n<iframe loading=\"lazy\" title=\"Uygulama aboneli\u011fi nas\u0131l sat\u0131n al\u0131n\u0131r?\" width=\"770\" height=\"433\" src=\"https:\/\/www.youtube.com\/embed\/8GdvadfOPr4?feature=oembed\" frameborder=\"0\" allow=\"accelerometer; autoplay; clipboard-write; encrypted-media; gyroscope; picture-in-picture; web-share\" allowfullscreen><\/iframe>\n<\/div><\/figure>\n","protected":false},"excerpt":{"rendered":"<p>MarketPOS uygulamas\u0131n\u0131n sundu\u011fu abonelik se\u00e7enekleri ile i\u015fletmenizi daha etkili bir \u015fekilde y\u00f6netmek ve b\u00fcy\u00fctmek i\u00e7in ad\u0131m at\u0131n. Uygulama aboneli\u011fi i\u015fletme ihtiya\u00e7lar\u0131na g\u00f6re \u00f6zellikler ve avantajlar sunar. Uygulama Aboneli\u011fi Detaylar\u0131 \u00d6zellikler \u00dccretsiz Plan Profesyonel Plan S\u0131n\u0131rs\u0131z &hellip; <\/p>\n","protected":false},"author":1,"featured_media":0,"parent":733,"menu_order":0,"comment_status":"closed","ping_status":"closed","template":"","meta":{"footnotes":""},"yoast_head":"<!-- This site is optimized with the Yoast SEO plugin v20.13 - https:\/\/yoast.com\/wordpress\/plugins\/seo\/ -->\n<title>Uygulama aboneli\u011fi nas\u0131l sat\u0131n al\u0131n\u0131r? - MarketPOS<\/title>\n<meta name=\"description\" content=\"MarketPOS POS uygulama aboneli\u011fi i\u015fletme ihtiya\u00e7lar\u0131na g\u00f6re \u00f6zelle\u015ftirilmi\u015f \u00f6zellikler ve avantajlar sunar.\" \/>\n<meta name=\"robots\" content=\"index, follow, max-snippet:-1, max-image-preview:large, max-video-preview:-1\" \/>\n<link rel=\"canonical\" href=\"https:\/\/marketpos.turkuaz-grup.com\/tr\/marketpos-yardim-merkezi\/uygulama-aboneligi-nasil-satin-alinir\/\" \/>\n<meta property=\"og:locale\" content=\"tr_TR\" \/>\n<meta property=\"og:type\" content=\"article\" \/>\n<meta property=\"og:title\" content=\"Uygulama aboneli\u011fi nas\u0131l sat\u0131n al\u0131n\u0131r? - MarketPOS\" \/>\n<meta property=\"og:description\" content=\"MarketPOS POS uygulama aboneli\u011fi i\u015fletme ihtiya\u00e7lar\u0131na g\u00f6re \u00f6zelle\u015ftirilmi\u015f \u00f6zellikler ve avantajlar sunar.\" \/>\n<meta property=\"og:url\" content=\"https:\/\/marketpos.turkuaz-grup.com\/tr\/marketpos-yardim-merkezi\/uygulama-aboneligi-nasil-satin-alinir\/\" \/>\n<meta property=\"og:site_name\" content=\"MarketPOS\" \/>\n<meta property=\"article:publisher\" content=\"https:\/\/www.facebook.com\/Turkuaz-Grup-Teknoloji-100140012062604\/?ref=page_internal\" \/>\n<meta property=\"article:modified_time\" content=\"2023-11-30T09:10:44+00:00\" \/>\n<meta property=\"og:image\" content=\"https:\/\/marketpos.turkuaz-grup.com\/tr\/wp-content\/uploads\/sites\/2\/2023\/09\/WhatsApp-Image-2023-09-26-at-10.20.39-2-24-576x1024.jpeg\" \/>\n<meta name=\"twitter:card\" content=\"summary_large_image\" \/>\n<meta name=\"twitter:label1\" content=\"Tahmini okuma s\u00fcresi\" \/>\n\t<meta name=\"twitter:data1\" content=\"3 dakika\" \/>\n<script type=\"application\/ld+json\" class=\"yoast-schema-graph\">{\"@context\":\"https:\/\/schema.org\",\"@graph\":[{\"@type\":\"WebPage\",\"@id\":\"https:\/\/marketpos.turkuaz-grup.com\/tr\/marketpos-yardim-merkezi\/uygulama-aboneligi-nasil-satin-alinir\/\",\"url\":\"https:\/\/marketpos.turkuaz-grup.com\/tr\/marketpos-yardim-merkezi\/uygulama-aboneligi-nasil-satin-alinir\/\",\"name\":\"Uygulama aboneli\u011fi nas\u0131l sat\u0131n al\u0131n\u0131r? - MarketPOS\",\"isPartOf\":{\"@id\":\"https:\/\/marketpos.turkuaz-grup.com\/tr\/#website\"},\"datePublished\":\"2022-08-06T06:52:38+00:00\",\"dateModified\":\"2023-11-30T09:10:44+00:00\",\"description\":\"MarketPOS POS uygulama aboneli\u011fi i\u015fletme ihtiya\u00e7lar\u0131na g\u00f6re \u00f6zelle\u015ftirilmi\u015f \u00f6zellikler ve avantajlar sunar.\",\"breadcrumb\":{\"@id\":\"https:\/\/marketpos.turkuaz-grup.com\/tr\/marketpos-yardim-merkezi\/uygulama-aboneligi-nasil-satin-alinir\/#breadcrumb\"},\"inLanguage\":\"tr\",\"potentialAction\":[{\"@type\":\"ReadAction\",\"target\":[\"https:\/\/marketpos.turkuaz-grup.com\/tr\/marketpos-yardim-merkezi\/uygulama-aboneligi-nasil-satin-alinir\/\"]}]},{\"@type\":\"BreadcrumbList\",\"@id\":\"https:\/\/marketpos.turkuaz-grup.com\/tr\/marketpos-yardim-merkezi\/uygulama-aboneligi-nasil-satin-alinir\/#breadcrumb\",\"itemListElement\":[{\"@type\":\"ListItem\",\"position\":1,\"name\":\"Home\",\"item\":\"https:\/\/marketpos.turkuaz-grup.com\/tr\/\"},{\"@type\":\"ListItem\",\"position\":2,\"name\":\"MarketPOS Yard\u0131m Merkezi\",\"item\":\"https:\/\/marketpos.turkuaz-grup.com\/tr\/marketpos-yardim-merkezi\/\"},{\"@type\":\"ListItem\",\"position\":3,\"name\":\"Uygulama aboneli\u011fi nas\u0131l sat\u0131n al\u0131n\u0131r?\"}]},{\"@type\":\"WebSite\",\"@id\":\"https:\/\/marketpos.turkuaz-grup.com\/tr\/#website\",\"url\":\"https:\/\/marketpos.turkuaz-grup.com\/tr\/\",\"name\":\"MarketPOS\",\"description\":\"Sat\u0131\u015f ve Stok POS Sistemi\",\"publisher\":{\"@id\":\"https:\/\/marketpos.turkuaz-grup.com\/tr\/#organization\"},\"potentialAction\":[{\"@type\":\"SearchAction\",\"target\":{\"@type\":\"EntryPoint\",\"urlTemplate\":\"https:\/\/marketpos.turkuaz-grup.com\/tr\/?s={search_term_string}\"},\"query-input\":\"required name=search_term_string\"}],\"inLanguage\":\"tr\"},{\"@type\":\"Organization\",\"@id\":\"https:\/\/marketpos.turkuaz-grup.com\/tr\/#organization\",\"name\":\"MarketPOS\",\"url\":\"https:\/\/marketpos.turkuaz-grup.com\/tr\/\",\"logo\":{\"@type\":\"ImageObject\",\"inLanguage\":\"tr\",\"@id\":\"https:\/\/marketpos.turkuaz-grup.com\/tr\/#\/schema\/logo\/image\/\",\"url\":\"https:\/\/marketpos.turkuaz-grup.com\/tr\/wp-content\/uploads\/sites\/2\/2022\/08\/cropped-cropped-marketpos_logo-tasarimi_512x512-01.png\",\"contentUrl\":\"https:\/\/marketpos.turkuaz-grup.com\/tr\/wp-content\/uploads\/sites\/2\/2022\/08\/cropped-cropped-marketpos_logo-tasarimi_512x512-01.png\",\"width\":512,\"height\":512,\"caption\":\"MarketPOS\"},\"image\":{\"@id\":\"https:\/\/marketpos.turkuaz-grup.com\/tr\/#\/schema\/logo\/image\/\"},\"sameAs\":[\"https:\/\/www.facebook.com\/Turkuaz-Grup-Teknoloji-100140012062604\/?ref=page_internal\"]}]}<\/script>\n<!-- \/ Yoast SEO plugin. -->","yoast_head_json":{"title":"Uygulama aboneli\u011fi nas\u0131l sat\u0131n al\u0131n\u0131r? - MarketPOS","description":"MarketPOS POS uygulama aboneli\u011fi i\u015fletme ihtiya\u00e7lar\u0131na g\u00f6re \u00f6zelle\u015ftirilmi\u015f \u00f6zellikler ve avantajlar sunar.","robots":{"index":"index","follow":"follow","max-snippet":"max-snippet:-1","max-image-preview":"max-image-preview:large","max-video-preview":"max-video-preview:-1"},"canonical":"https:\/\/marketpos.turkuaz-grup.com\/tr\/marketpos-yardim-merkezi\/uygulama-aboneligi-nasil-satin-alinir\/","og_locale":"tr_TR","og_type":"article","og_title":"Uygulama aboneli\u011fi nas\u0131l sat\u0131n al\u0131n\u0131r? - MarketPOS","og_description":"MarketPOS POS uygulama aboneli\u011fi i\u015fletme ihtiya\u00e7lar\u0131na g\u00f6re \u00f6zelle\u015ftirilmi\u015f \u00f6zellikler ve avantajlar sunar.","og_url":"https:\/\/marketpos.turkuaz-grup.com\/tr\/marketpos-yardim-merkezi\/uygulama-aboneligi-nasil-satin-alinir\/","og_site_name":"MarketPOS","article_publisher":"https:\/\/www.facebook.com\/Turkuaz-Grup-Teknoloji-100140012062604\/?ref=page_internal","article_modified_time":"2023-11-30T09:10:44+00:00","og_image":[{"url":"https:\/\/marketpos.turkuaz-grup.com\/tr\/wp-content\/uploads\/sites\/2\/2023\/09\/WhatsApp-Image-2023-09-26-at-10.20.39-2-24-576x1024.jpeg"}],"twitter_card":"summary_large_image","twitter_misc":{"Tahmini okuma s\u00fcresi":"3 dakika"},"schema":{"@context":"https:\/\/schema.org","@graph":[{"@type":"WebPage","@id":"https:\/\/marketpos.turkuaz-grup.com\/tr\/marketpos-yardim-merkezi\/uygulama-aboneligi-nasil-satin-alinir\/","url":"https:\/\/marketpos.turkuaz-grup.com\/tr\/marketpos-yardim-merkezi\/uygulama-aboneligi-nasil-satin-alinir\/","name":"Uygulama aboneli\u011fi nas\u0131l sat\u0131n al\u0131n\u0131r? - MarketPOS","isPartOf":{"@id":"https:\/\/marketpos.turkuaz-grup.com\/tr\/#website"},"datePublished":"2022-08-06T06:52:38+00:00","dateModified":"2023-11-30T09:10:44+00:00","description":"MarketPOS POS uygulama aboneli\u011fi i\u015fletme ihtiya\u00e7lar\u0131na g\u00f6re \u00f6zelle\u015ftirilmi\u015f \u00f6zellikler ve avantajlar sunar.","breadcrumb":{"@id":"https:\/\/marketpos.turkuaz-grup.com\/tr\/marketpos-yardim-merkezi\/uygulama-aboneligi-nasil-satin-alinir\/#breadcrumb"},"inLanguage":"tr","potentialAction":[{"@type":"ReadAction","target":["https:\/\/marketpos.turkuaz-grup.com\/tr\/marketpos-yardim-merkezi\/uygulama-aboneligi-nasil-satin-alinir\/"]}]},{"@type":"BreadcrumbList","@id":"https:\/\/marketpos.turkuaz-grup.com\/tr\/marketpos-yardim-merkezi\/uygulama-aboneligi-nasil-satin-alinir\/#breadcrumb","itemListElement":[{"@type":"ListItem","position":1,"name":"Home","item":"https:\/\/marketpos.turkuaz-grup.com\/tr\/"},{"@type":"ListItem","position":2,"name":"MarketPOS Yard\u0131m Merkezi","item":"https:\/\/marketpos.turkuaz-grup.com\/tr\/marketpos-yardim-merkezi\/"},{"@type":"ListItem","position":3,"name":"Uygulama aboneli\u011fi nas\u0131l sat\u0131n al\u0131n\u0131r?"}]},{"@type":"WebSite","@id":"https:\/\/marketpos.turkuaz-grup.com\/tr\/#website","url":"https:\/\/marketpos.turkuaz-grup.com\/tr\/","name":"MarketPOS","description":"Sat\u0131\u015f ve Stok POS Sistemi","publisher":{"@id":"https:\/\/marketpos.turkuaz-grup.com\/tr\/#organization"},"potentialAction":[{"@type":"SearchAction","target":{"@type":"EntryPoint","urlTemplate":"https:\/\/marketpos.turkuaz-grup.com\/tr\/?s={search_term_string}"},"query-input":"required name=search_term_string"}],"inLanguage":"tr"},{"@type":"Organization","@id":"https:\/\/marketpos.turkuaz-grup.com\/tr\/#organization","name":"MarketPOS","url":"https:\/\/marketpos.turkuaz-grup.com\/tr\/","logo":{"@type":"ImageObject","inLanguage":"tr","@id":"https:\/\/marketpos.turkuaz-grup.com\/tr\/#\/schema\/logo\/image\/","url":"https:\/\/marketpos.turkuaz-grup.com\/tr\/wp-content\/uploads\/sites\/2\/2022\/08\/cropped-cropped-marketpos_logo-tasarimi_512x512-01.png","contentUrl":"https:\/\/marketpos.turkuaz-grup.com\/tr\/wp-content\/uploads\/sites\/2\/2022\/08\/cropped-cropped-marketpos_logo-tasarimi_512x512-01.png","width":512,"height":512,"caption":"MarketPOS"},"image":{"@id":"https:\/\/marketpos.turkuaz-grup.com\/tr\/#\/schema\/logo\/image\/"},"sameAs":["https:\/\/www.facebook.com\/Turkuaz-Grup-Teknoloji-100140012062604\/?ref=page_internal"]}]}},"_links":{"self":[{"href":"https:\/\/marketpos.turkuaz-grup.com\/tr\/wp-json\/wp\/v2\/pages\/808"}],"collection":[{"href":"https:\/\/marketpos.turkuaz-grup.com\/tr\/wp-json\/wp\/v2\/pages"}],"about":[{"href":"https:\/\/marketpos.turkuaz-grup.com\/tr\/wp-json\/wp\/v2\/types\/page"}],"author":[{"embeddable":true,"href":"https:\/\/marketpos.turkuaz-grup.com\/tr\/wp-json\/wp\/v2\/users\/1"}],"replies":[{"embeddable":true,"href":"https:\/\/marketpos.turkuaz-grup.com\/tr\/wp-json\/wp\/v2\/comments?post=808"}],"version-history":[{"count":8,"href":"https:\/\/marketpos.turkuaz-grup.com\/tr\/wp-json\/wp\/v2\/pages\/808\/revisions"}],"predecessor-version":[{"id":2224,"href":"https:\/\/marketpos.turkuaz-grup.com\/tr\/wp-json\/wp\/v2\/pages\/808\/revisions\/2224"}],"up":[{"embeddable":true,"href":"https:\/\/marketpos.turkuaz-grup.com\/tr\/wp-json\/wp\/v2\/pages\/733"}],"wp:attachment":[{"href":"https:\/\/marketpos.turkuaz-grup.com\/tr\/wp-json\/wp\/v2\/media?parent=808"}],"curies":[{"name":"wp","href":"https:\/\/api.w.org\/{rel}","templated":true}]}}