{"id":787,"date":"2022-08-06T06:45:57","date_gmt":"2022-08-06T06:45:57","guid":{"rendered":"http:\/\/marketpos.turkuaz-grup.com\/tr\/?page_id=787"},"modified":"2023-10-26T07:45:22","modified_gmt":"2023-10-26T07:45:22","slug":"marketpos-isteminde-para-birimi-nasil-degistirilir","status":"publish","type":"page","link":"https:\/\/marketpos.turkuaz-grup.com\/tr\/marketpos-yardim-merkezi\/marketpos-isteminde-para-birimi-nasil-degistirilir\/","title":{"rendered":"MarketPOS sisteminde para birimi nas\u0131l de\u011fi\u015ftirilir?"},"content":{"rendered":"\n<p><a href=\"https:\/\/marketpos.turkuaz-grup.com\/tr\/2022\/07\/29\/bulut-pos-sistemi\/\">MarketPOS<\/a> POS (Point of Sale) sisteminde para birimi de\u011fi\u015ftirmek tercihinize g\u00f6re \u00f6deme i\u015flemlerinin farkl\u0131 para birimleriyle yap\u0131lmas\u0131n\u0131 sa\u011flar.  A\u015fa\u011f\u0131da para birimi de\u011fi\u015ftirme ad\u0131mlar\u0131 verilmi\u015ftir:<\/p>\n\n\n\n<ol>\n<li><strong>Ayarlar veya Konfig\u00fcrasyon Men\u00fcs\u00fcne Eri\u015fim<\/strong>:\n<ul>\n<li>MarketPOS Sat\u0131\u015f uygulaman\u0131z\u0131n ayarlar men\u00fcs\u00fcne eri\u015fin.<\/li>\n<\/ul>\n<\/li>\n\n\n\n<li><strong>MarketPOS Sisteminde Para Birimi<\/strong> <strong>Ayarlar\u0131n\u0131 Bulma<\/strong>:\n<ul>\n<li>Ayarlar men\u00fcs\u00fcnde, para birimi ayarlar\u0131 se\u00e7ene\u011fini aray\u0131n.<\/li>\n<\/ul>\n<\/li>\n\n\n\n<li><strong>Para Birimi<\/strong> <strong>De\u011fi\u015ftirme Se\u00e7ene\u011fini Se\u00e7me<\/strong>:\n<ul>\n<li>Para birimi ayarlar\u0131na girdi\u011finizde, para birimi se\u00e7eneklerini g\u00f6receksiniz. Listeden tercih etti\u011finiz para birimini arat\u0131n.<\/li>\n<\/ul>\n<\/li>\n\n\n\n<li><strong>Yeni Para Birimini Se\u00e7me<\/strong>:\n<ul>\n<li>Yeni para birimini se\u00e7mek i\u00e7in listeden tercihinizi se\u00e7in.<\/li>\n<\/ul>\n<\/li>\n\n\n\n<li><strong>Test Etme<\/strong>:\n<ul>\n<li>Para birimini de\u011fi\u015ftirdikten sonra, \u00f6deme i\u015flemlerini ve \u00f6deme raporlar\u0131n\u0131 test ederek, do\u011fru para biriminin kullan\u0131ld\u0131\u011f\u0131ndan emin olun.<\/li>\n<\/ul>\n<\/li>\n<\/ol>\n\n\n\n<div style=\"height:67px\" aria-hidden=\"true\" class=\"wp-block-spacer\"><\/div>\n\n\n\n<p>ADIMLAR:<\/p>\n\n\n\n<p>1- MarketPOS&#8217;a Sistem Y\u00f6neticisi olarak giri\u015f yap\u0131n. Sol \u00fcstteki \u00fc\u00e7 \u00e7izgiye dokunun. A\u00e7\u0131lan s\u00fcrg\u00fcl\u00fc men\u00fcdeki  Kasiyer Men\u00fcleri b\u00f6l\u00fcm\u00fcnden Kasiyer Ayarlar\u0131 Sekmesine giri\u015f yap\u0131n. <\/p>\n\n\n\n<figure class=\"wp-block-gallery has-nested-images columns-default is-cropped wp-block-gallery-1 is-layout-flex wp-block-gallery-is-layout-flex\">\n<figure class=\"wp-block-image size-large\"><img decoding=\"async\" loading=\"lazy\" width=\"576\" height=\"1024\" data-id=\"1839\" src=\"https:\/\/marketpos.turkuaz-grup.com\/tr\/wp-content\/uploads\/sites\/2\/2023\/09\/WhatsApp-Image-2023-09-26-at-10.20.39-2-9-576x1024.jpeg\" alt=\"\" class=\"wp-image-1839\" srcset=\"https:\/\/marketpos.turkuaz-grup.com\/tr\/wp-content\/uploads\/sites\/2\/2023\/09\/WhatsApp-Image-2023-09-26-at-10.20.39-2-9-576x1024.jpeg 576w, https:\/\/marketpos.turkuaz-grup.com\/tr\/wp-content\/uploads\/sites\/2\/2023\/09\/WhatsApp-Image-2023-09-26-at-10.20.39-2-9-169x300.jpeg 169w, https:\/\/marketpos.turkuaz-grup.com\/tr\/wp-content\/uploads\/sites\/2\/2023\/09\/WhatsApp-Image-2023-09-26-at-10.20.39-2-9-768x1365.jpeg 768w, https:\/\/marketpos.turkuaz-grup.com\/tr\/wp-content\/uploads\/sites\/2\/2023\/09\/WhatsApp-Image-2023-09-26-at-10.20.39-2-9-864x1536.jpeg 864w, https:\/\/marketpos.turkuaz-grup.com\/tr\/wp-content\/uploads\/sites\/2\/2023\/09\/WhatsApp-Image-2023-09-26-at-10.20.39-2-9-34x60.jpeg 34w, https:\/\/marketpos.turkuaz-grup.com\/tr\/wp-content\/uploads\/sites\/2\/2023\/09\/WhatsApp-Image-2023-09-26-at-10.20.39-2-9.jpeg 1080w\" sizes=\"(max-width: 576px) 100vw, 576px\" \/><\/figure>\n\n\n\n<figure class=\"wp-block-image size-large\"><img decoding=\"async\" loading=\"lazy\" width=\"576\" height=\"1024\" data-id=\"1840\" src=\"https:\/\/marketpos.turkuaz-grup.com\/tr\/wp-content\/uploads\/sites\/2\/2023\/09\/WhatsApp-Image-2023-09-28-at-10.59.31-1-10-576x1024.jpeg\" alt=\"\" class=\"wp-image-1840\" srcset=\"https:\/\/marketpos.turkuaz-grup.com\/tr\/wp-content\/uploads\/sites\/2\/2023\/09\/WhatsApp-Image-2023-09-28-at-10.59.31-1-10-576x1024.jpeg 576w, https:\/\/marketpos.turkuaz-grup.com\/tr\/wp-content\/uploads\/sites\/2\/2023\/09\/WhatsApp-Image-2023-09-28-at-10.59.31-1-10-169x300.jpeg 169w, https:\/\/marketpos.turkuaz-grup.com\/tr\/wp-content\/uploads\/sites\/2\/2023\/09\/WhatsApp-Image-2023-09-28-at-10.59.31-1-10-768x1366.jpeg 768w, https:\/\/marketpos.turkuaz-grup.com\/tr\/wp-content\/uploads\/sites\/2\/2023\/09\/WhatsApp-Image-2023-09-28-at-10.59.31-1-10-864x1536.jpeg 864w, https:\/\/marketpos.turkuaz-grup.com\/tr\/wp-content\/uploads\/sites\/2\/2023\/09\/WhatsApp-Image-2023-09-28-at-10.59.31-1-10-34x60.jpeg 34w, https:\/\/marketpos.turkuaz-grup.com\/tr\/wp-content\/uploads\/sites\/2\/2023\/09\/WhatsApp-Image-2023-09-28-at-10.59.31-1-10.jpeg 899w\" sizes=\"(max-width: 576px) 100vw, 576px\" \/><\/figure>\n<\/figure>\n\n\n\n<figure class=\"wp-block-image size-large\"><img decoding=\"async\" loading=\"lazy\" width=\"576\" height=\"1024\" src=\"https:\/\/marketpos.turkuaz-grup.com\/tr\/wp-content\/uploads\/sites\/2\/2023\/09\/WhatsApp-Image-2023-09-12-at-10.26.18-576x1024.jpeg\" alt=\"\" class=\"wp-image-1583\" srcset=\"https:\/\/marketpos.turkuaz-grup.com\/tr\/wp-content\/uploads\/sites\/2\/2023\/09\/WhatsApp-Image-2023-09-12-at-10.26.18-576x1024.jpeg 576w, https:\/\/marketpos.turkuaz-grup.com\/tr\/wp-content\/uploads\/sites\/2\/2023\/09\/WhatsApp-Image-2023-09-12-at-10.26.18-169x300.jpeg 169w, https:\/\/marketpos.turkuaz-grup.com\/tr\/wp-content\/uploads\/sites\/2\/2023\/09\/WhatsApp-Image-2023-09-12-at-10.26.18-768x1366.jpeg 768w, https:\/\/marketpos.turkuaz-grup.com\/tr\/wp-content\/uploads\/sites\/2\/2023\/09\/WhatsApp-Image-2023-09-12-at-10.26.18-864x1536.jpeg 864w, https:\/\/marketpos.turkuaz-grup.com\/tr\/wp-content\/uploads\/sites\/2\/2023\/09\/WhatsApp-Image-2023-09-12-at-10.26.18-34x60.jpeg 34w, https:\/\/marketpos.turkuaz-grup.com\/tr\/wp-content\/uploads\/sites\/2\/2023\/09\/WhatsApp-Image-2023-09-12-at-10.26.18.jpeg 899w\" sizes=\"(max-width: 576px) 100vw, 576px\" \/><\/figure>\n\n\n\n<div style=\"height:67px\" aria-hidden=\"true\" class=\"wp-block-spacer\"><\/div>\n\n\n\n<p>2- Para Birimi Ayarlar\u0131&#8217;ndan Para Birimi De\u011fi\u015ftir&#8217;e dokunun.<\/p>\n\n\n\n<figure class=\"wp-block-image size-large\"><img decoding=\"async\" loading=\"lazy\" width=\"576\" height=\"1024\" src=\"https:\/\/marketpos.turkuaz-grup.com\/tr\/wp-content\/uploads\/sites\/2\/2023\/09\/WhatsApp-Image-2023-09-12-at-10.26.18-1-576x1024.jpeg\" alt=\"\" class=\"wp-image-1584\" srcset=\"https:\/\/marketpos.turkuaz-grup.com\/tr\/wp-content\/uploads\/sites\/2\/2023\/09\/WhatsApp-Image-2023-09-12-at-10.26.18-1-576x1024.jpeg 576w, https:\/\/marketpos.turkuaz-grup.com\/tr\/wp-content\/uploads\/sites\/2\/2023\/09\/WhatsApp-Image-2023-09-12-at-10.26.18-1-169x300.jpeg 169w, https:\/\/marketpos.turkuaz-grup.com\/tr\/wp-content\/uploads\/sites\/2\/2023\/09\/WhatsApp-Image-2023-09-12-at-10.26.18-1-768x1366.jpeg 768w, https:\/\/marketpos.turkuaz-grup.com\/tr\/wp-content\/uploads\/sites\/2\/2023\/09\/WhatsApp-Image-2023-09-12-at-10.26.18-1-864x1536.jpeg 864w, https:\/\/marketpos.turkuaz-grup.com\/tr\/wp-content\/uploads\/sites\/2\/2023\/09\/WhatsApp-Image-2023-09-12-at-10.26.18-1-34x60.jpeg 34w, https:\/\/marketpos.turkuaz-grup.com\/tr\/wp-content\/uploads\/sites\/2\/2023\/09\/WhatsApp-Image-2023-09-12-at-10.26.18-1.jpeg 899w\" sizes=\"(max-width: 576px) 100vw, 576px\" \/><\/figure>\n\n\n\n<div style=\"height:67px\" aria-hidden=\"true\" class=\"wp-block-spacer\"><\/div>\n\n\n\n<p>3- \u0130stenilen para birimi se\u00e7in ve i\u015flem tamamlan\u0131r.<\/p>\n\n\n\n<figure class=\"wp-block-image size-large\"><img decoding=\"async\" loading=\"lazy\" width=\"576\" height=\"1024\" src=\"https:\/\/marketpos.turkuaz-grup.com\/tr\/wp-content\/uploads\/sites\/2\/2023\/09\/WhatsApp-Image-2023-09-12-at-10.26.18-2-576x1024.jpeg\" alt=\"\" class=\"wp-image-1586\" srcset=\"https:\/\/marketpos.turkuaz-grup.com\/tr\/wp-content\/uploads\/sites\/2\/2023\/09\/WhatsApp-Image-2023-09-12-at-10.26.18-2-576x1024.jpeg 576w, https:\/\/marketpos.turkuaz-grup.com\/tr\/wp-content\/uploads\/sites\/2\/2023\/09\/WhatsApp-Image-2023-09-12-at-10.26.18-2-169x300.jpeg 169w, https:\/\/marketpos.turkuaz-grup.com\/tr\/wp-content\/uploads\/sites\/2\/2023\/09\/WhatsApp-Image-2023-09-12-at-10.26.18-2-768x1366.jpeg 768w, https:\/\/marketpos.turkuaz-grup.com\/tr\/wp-content\/uploads\/sites\/2\/2023\/09\/WhatsApp-Image-2023-09-12-at-10.26.18-2-864x1536.jpeg 864w, https:\/\/marketpos.turkuaz-grup.com\/tr\/wp-content\/uploads\/sites\/2\/2023\/09\/WhatsApp-Image-2023-09-12-at-10.26.18-2-34x60.jpeg 34w, https:\/\/marketpos.turkuaz-grup.com\/tr\/wp-content\/uploads\/sites\/2\/2023\/09\/WhatsApp-Image-2023-09-12-at-10.26.18-2.jpeg 899w\" sizes=\"(max-width: 576px) 100vw, 576px\" \/><\/figure>\n\n\n\n<div style=\"height:67px\" aria-hidden=\"true\" class=\"wp-block-spacer\"><\/div>\n\n\n<div class=\"wp-block-image\">\n<figure class=\"aligncenter size-full\"><a href=\"https:\/\/play.google.com\/store\/apps\/details?id=com.bupos\"><img decoding=\"async\" loading=\"lazy\" width=\"300\" height=\"116\" src=\"http:\/\/marketpos.turkuaz-grup.com\/tr\/wp-content\/uploads\/sites\/2\/2020\/06\/google-play-badge-300x116-1.png\" alt=\"\" class=\"wp-image-79\" srcset=\"https:\/\/marketpos.turkuaz-grup.com\/tr\/wp-content\/uploads\/sites\/2\/2020\/06\/google-play-badge-300x116-1.png 300w, https:\/\/marketpos.turkuaz-grup.com\/tr\/wp-content\/uploads\/sites\/2\/2020\/06\/google-play-badge-300x116-1-155x60.png 155w\" sizes=\"(max-width: 300px) 100vw, 300px\" \/><\/a><figcaption class=\"wp-element-caption\"><strong>\u00dccretsiz Deneyin<\/strong><\/figcaption><\/figure><\/div>\n\n\n<div style=\"height:100px\" aria-hidden=\"true\" class=\"wp-block-spacer\"><\/div>\n\n\n\n<p>Yard\u0131m ile ilgili videomuzu buradan izleyebilirsiniz.<\/p>\n\n\n\n<figure class=\"wp-block-embed is-type-video is-provider-youtube wp-block-embed-youtube wp-embed-aspect-16-9 wp-has-aspect-ratio\"><div class=\"wp-block-embed__wrapper\">\n<iframe loading=\"lazy\" title=\"Para Birimi nas\u0131l de\u011fi\u015ftirilir?\" width=\"770\" height=\"433\" src=\"https:\/\/www.youtube.com\/embed\/GcKcGtOvLNg?feature=oembed\" frameborder=\"0\" allow=\"accelerometer; autoplay; clipboard-write; encrypted-media; gyroscope; picture-in-picture; web-share\" allowfullscreen><\/iframe>\n<\/div><\/figure>\n","protected":false},"excerpt":{"rendered":"<p>MarketPOS POS (Point of Sale) sisteminde para birimini de\u011fi\u015ftirmek tercihinize g\u00f6re \u00f6deme i\u015flemlerinin farkl\u0131 para birimleriyle yap\u0131lmas\u0131n\u0131 sa\u011flar.  A\u015fa\u011f\u0131da para birimi de\u011fi\u015ftirme ad\u0131mlar\u0131 verilmi\u015ftir:<\/p>\n","protected":false},"author":1,"featured_media":0,"parent":733,"menu_order":0,"comment_status":"closed","ping_status":"closed","template":"","meta":{"footnotes":""},"yoast_head":"<!-- This site is optimized with the Yoast SEO plugin v20.13 - https:\/\/yoast.com\/wordpress\/plugins\/seo\/ -->\n<title>MarketPOS sisteminde para birimi nas\u0131l de\u011fi\u015ftirilir? - MarketPOS<\/title>\n<meta name=\"description\" content=\"MarketPOS sisteminde para birimi de\u011fi\u015ftirmek tercihinize g\u00f6re \u00f6deme i\u015flemlerinin farkl\u0131 para birimleriyle yap\u0131lmas\u0131n\u0131 sa\u011flar.\" \/>\n<meta name=\"robots\" content=\"index, follow, max-snippet:-1, max-image-preview:large, max-video-preview:-1\" \/>\n<link rel=\"canonical\" href=\"https:\/\/marketpos.turkuaz-grup.com\/tr\/marketpos-yardim-merkezi\/marketpos-isteminde-para-birimi-nasil-degistirilir\/\" \/>\n<meta property=\"og:locale\" content=\"tr_TR\" \/>\n<meta property=\"og:type\" content=\"article\" \/>\n<meta property=\"og:title\" content=\"MarketPOS sisteminde para birimi nas\u0131l de\u011fi\u015ftirilir? - MarketPOS\" \/>\n<meta property=\"og:description\" content=\"MarketPOS sisteminde para birimi de\u011fi\u015ftirmek tercihinize g\u00f6re \u00f6deme i\u015flemlerinin farkl\u0131 para birimleriyle yap\u0131lmas\u0131n\u0131 sa\u011flar.\" \/>\n<meta property=\"og:url\" content=\"https:\/\/marketpos.turkuaz-grup.com\/tr\/marketpos-yardim-merkezi\/marketpos-isteminde-para-birimi-nasil-degistirilir\/\" \/>\n<meta property=\"og:site_name\" content=\"MarketPOS\" \/>\n<meta property=\"article:publisher\" content=\"https:\/\/www.facebook.com\/Turkuaz-Grup-Teknoloji-100140012062604\/?ref=page_internal\" \/>\n<meta property=\"article:modified_time\" content=\"2023-10-26T07:45:22+00:00\" \/>\n<meta property=\"og:image\" content=\"https:\/\/marketpos.turkuaz-grup.com\/tr\/wp-content\/uploads\/sites\/2\/2023\/09\/WhatsApp-Image-2023-09-26-at-10.20.39-2-9-576x1024.jpeg\" \/>\n<meta name=\"twitter:card\" content=\"summary_large_image\" \/>\n<meta name=\"twitter:label1\" content=\"Tahmini okuma s\u00fcresi\" \/>\n\t<meta name=\"twitter:data1\" content=\"3 dakika\" \/>\n<script type=\"application\/ld+json\" class=\"yoast-schema-graph\">{\"@context\":\"https:\/\/schema.org\",\"@graph\":[{\"@type\":\"WebPage\",\"@id\":\"https:\/\/marketpos.turkuaz-grup.com\/tr\/marketpos-yardim-merkezi\/marketpos-isteminde-para-birimi-nasil-degistirilir\/\",\"url\":\"https:\/\/marketpos.turkuaz-grup.com\/tr\/marketpos-yardim-merkezi\/marketpos-isteminde-para-birimi-nasil-degistirilir\/\",\"name\":\"MarketPOS sisteminde para birimi nas\u0131l de\u011fi\u015ftirilir? - MarketPOS\",\"isPartOf\":{\"@id\":\"https:\/\/marketpos.turkuaz-grup.com\/tr\/#website\"},\"datePublished\":\"2022-08-06T06:45:57+00:00\",\"dateModified\":\"2023-10-26T07:45:22+00:00\",\"description\":\"MarketPOS sisteminde para birimi de\u011fi\u015ftirmek tercihinize g\u00f6re \u00f6deme i\u015flemlerinin farkl\u0131 para birimleriyle yap\u0131lmas\u0131n\u0131 sa\u011flar.\",\"breadcrumb\":{\"@id\":\"https:\/\/marketpos.turkuaz-grup.com\/tr\/marketpos-yardim-merkezi\/marketpos-isteminde-para-birimi-nasil-degistirilir\/#breadcrumb\"},\"inLanguage\":\"tr\",\"potentialAction\":[{\"@type\":\"ReadAction\",\"target\":[\"https:\/\/marketpos.turkuaz-grup.com\/tr\/marketpos-yardim-merkezi\/marketpos-isteminde-para-birimi-nasil-degistirilir\/\"]}]},{\"@type\":\"BreadcrumbList\",\"@id\":\"https:\/\/marketpos.turkuaz-grup.com\/tr\/marketpos-yardim-merkezi\/marketpos-isteminde-para-birimi-nasil-degistirilir\/#breadcrumb\",\"itemListElement\":[{\"@type\":\"ListItem\",\"position\":1,\"name\":\"Home\",\"item\":\"https:\/\/marketpos.turkuaz-grup.com\/tr\/\"},{\"@type\":\"ListItem\",\"position\":2,\"name\":\"MarketPOS Yard\u0131m Merkezi\",\"item\":\"https:\/\/marketpos.turkuaz-grup.com\/tr\/marketpos-yardim-merkezi\/\"},{\"@type\":\"ListItem\",\"position\":3,\"name\":\"MarketPOS sisteminde para birimi nas\u0131l de\u011fi\u015ftirilir?\"}]},{\"@type\":\"WebSite\",\"@id\":\"https:\/\/marketpos.turkuaz-grup.com\/tr\/#website\",\"url\":\"https:\/\/marketpos.turkuaz-grup.com\/tr\/\",\"name\":\"MarketPOS\",\"description\":\"Sat\u0131\u015f ve Stok POS Sistemi\",\"publisher\":{\"@id\":\"https:\/\/marketpos.turkuaz-grup.com\/tr\/#organization\"},\"potentialAction\":[{\"@type\":\"SearchAction\",\"target\":{\"@type\":\"EntryPoint\",\"urlTemplate\":\"https:\/\/marketpos.turkuaz-grup.com\/tr\/?s={search_term_string}\"},\"query-input\":\"required name=search_term_string\"}],\"inLanguage\":\"tr\"},{\"@type\":\"Organization\",\"@id\":\"https:\/\/marketpos.turkuaz-grup.com\/tr\/#organization\",\"name\":\"MarketPOS\",\"url\":\"https:\/\/marketpos.turkuaz-grup.com\/tr\/\",\"logo\":{\"@type\":\"ImageObject\",\"inLanguage\":\"tr\",\"@id\":\"https:\/\/marketpos.turkuaz-grup.com\/tr\/#\/schema\/logo\/image\/\",\"url\":\"https:\/\/marketpos.turkuaz-grup.com\/tr\/wp-content\/uploads\/sites\/2\/2022\/08\/cropped-cropped-marketpos_logo-tasarimi_512x512-01.png\",\"contentUrl\":\"https:\/\/marketpos.turkuaz-grup.com\/tr\/wp-content\/uploads\/sites\/2\/2022\/08\/cropped-cropped-marketpos_logo-tasarimi_512x512-01.png\",\"width\":512,\"height\":512,\"caption\":\"MarketPOS\"},\"image\":{\"@id\":\"https:\/\/marketpos.turkuaz-grup.com\/tr\/#\/schema\/logo\/image\/\"},\"sameAs\":[\"https:\/\/www.facebook.com\/Turkuaz-Grup-Teknoloji-100140012062604\/?ref=page_internal\"]}]}<\/script>\n<!-- \/ Yoast SEO plugin. -->","yoast_head_json":{"title":"MarketPOS sisteminde para birimi nas\u0131l de\u011fi\u015ftirilir? - MarketPOS","description":"MarketPOS sisteminde para birimi de\u011fi\u015ftirmek tercihinize g\u00f6re \u00f6deme i\u015flemlerinin farkl\u0131 para birimleriyle yap\u0131lmas\u0131n\u0131 sa\u011flar.","robots":{"index":"index","follow":"follow","max-snippet":"max-snippet:-1","max-image-preview":"max-image-preview:large","max-video-preview":"max-video-preview:-1"},"canonical":"https:\/\/marketpos.turkuaz-grup.com\/tr\/marketpos-yardim-merkezi\/marketpos-isteminde-para-birimi-nasil-degistirilir\/","og_locale":"tr_TR","og_type":"article","og_title":"MarketPOS sisteminde para birimi nas\u0131l de\u011fi\u015ftirilir? - MarketPOS","og_description":"MarketPOS sisteminde para birimi de\u011fi\u015ftirmek tercihinize g\u00f6re \u00f6deme i\u015flemlerinin farkl\u0131 para birimleriyle yap\u0131lmas\u0131n\u0131 sa\u011flar.","og_url":"https:\/\/marketpos.turkuaz-grup.com\/tr\/marketpos-yardim-merkezi\/marketpos-isteminde-para-birimi-nasil-degistirilir\/","og_site_name":"MarketPOS","article_publisher":"https:\/\/www.facebook.com\/Turkuaz-Grup-Teknoloji-100140012062604\/?ref=page_internal","article_modified_time":"2023-10-26T07:45:22+00:00","og_image":[{"url":"https:\/\/marketpos.turkuaz-grup.com\/tr\/wp-content\/uploads\/sites\/2\/2023\/09\/WhatsApp-Image-2023-09-26-at-10.20.39-2-9-576x1024.jpeg"}],"twitter_card":"summary_large_image","twitter_misc":{"Tahmini okuma s\u00fcresi":"3 dakika"},"schema":{"@context":"https:\/\/schema.org","@graph":[{"@type":"WebPage","@id":"https:\/\/marketpos.turkuaz-grup.com\/tr\/marketpos-yardim-merkezi\/marketpos-isteminde-para-birimi-nasil-degistirilir\/","url":"https:\/\/marketpos.turkuaz-grup.com\/tr\/marketpos-yardim-merkezi\/marketpos-isteminde-para-birimi-nasil-degistirilir\/","name":"MarketPOS sisteminde para birimi nas\u0131l de\u011fi\u015ftirilir? - MarketPOS","isPartOf":{"@id":"https:\/\/marketpos.turkuaz-grup.com\/tr\/#website"},"datePublished":"2022-08-06T06:45:57+00:00","dateModified":"2023-10-26T07:45:22+00:00","description":"MarketPOS sisteminde para birimi de\u011fi\u015ftirmek tercihinize g\u00f6re \u00f6deme i\u015flemlerinin farkl\u0131 para birimleriyle yap\u0131lmas\u0131n\u0131 sa\u011flar.","breadcrumb":{"@id":"https:\/\/marketpos.turkuaz-grup.com\/tr\/marketpos-yardim-merkezi\/marketpos-isteminde-para-birimi-nasil-degistirilir\/#breadcrumb"},"inLanguage":"tr","potentialAction":[{"@type":"ReadAction","target":["https:\/\/marketpos.turkuaz-grup.com\/tr\/marketpos-yardim-merkezi\/marketpos-isteminde-para-birimi-nasil-degistirilir\/"]}]},{"@type":"BreadcrumbList","@id":"https:\/\/marketpos.turkuaz-grup.com\/tr\/marketpos-yardim-merkezi\/marketpos-isteminde-para-birimi-nasil-degistirilir\/#breadcrumb","itemListElement":[{"@type":"ListItem","position":1,"name":"Home","item":"https:\/\/marketpos.turkuaz-grup.com\/tr\/"},{"@type":"ListItem","position":2,"name":"MarketPOS Yard\u0131m Merkezi","item":"https:\/\/marketpos.turkuaz-grup.com\/tr\/marketpos-yardim-merkezi\/"},{"@type":"ListItem","position":3,"name":"MarketPOS sisteminde para birimi nas\u0131l de\u011fi\u015ftirilir?"}]},{"@type":"WebSite","@id":"https:\/\/marketpos.turkuaz-grup.com\/tr\/#website","url":"https:\/\/marketpos.turkuaz-grup.com\/tr\/","name":"MarketPOS","description":"Sat\u0131\u015f ve Stok POS Sistemi","publisher":{"@id":"https:\/\/marketpos.turkuaz-grup.com\/tr\/#organization"},"potentialAction":[{"@type":"SearchAction","target":{"@type":"EntryPoint","urlTemplate":"https:\/\/marketpos.turkuaz-grup.com\/tr\/?s={search_term_string}"},"query-input":"required name=search_term_string"}],"inLanguage":"tr"},{"@type":"Organization","@id":"https:\/\/marketpos.turkuaz-grup.com\/tr\/#organization","name":"MarketPOS","url":"https:\/\/marketpos.turkuaz-grup.com\/tr\/","logo":{"@type":"ImageObject","inLanguage":"tr","@id":"https:\/\/marketpos.turkuaz-grup.com\/tr\/#\/schema\/logo\/image\/","url":"https:\/\/marketpos.turkuaz-grup.com\/tr\/wp-content\/uploads\/sites\/2\/2022\/08\/cropped-cropped-marketpos_logo-tasarimi_512x512-01.png","contentUrl":"https:\/\/marketpos.turkuaz-grup.com\/tr\/wp-content\/uploads\/sites\/2\/2022\/08\/cropped-cropped-marketpos_logo-tasarimi_512x512-01.png","width":512,"height":512,"caption":"MarketPOS"},"image":{"@id":"https:\/\/marketpos.turkuaz-grup.com\/tr\/#\/schema\/logo\/image\/"},"sameAs":["https:\/\/www.facebook.com\/Turkuaz-Grup-Teknoloji-100140012062604\/?ref=page_internal"]}]}},"_links":{"self":[{"href":"https:\/\/marketpos.turkuaz-grup.com\/tr\/wp-json\/wp\/v2\/pages\/787"}],"collection":[{"href":"https:\/\/marketpos.turkuaz-grup.com\/tr\/wp-json\/wp\/v2\/pages"}],"about":[{"href":"https:\/\/marketpos.turkuaz-grup.com\/tr\/wp-json\/wp\/v2\/types\/page"}],"author":[{"embeddable":true,"href":"https:\/\/marketpos.turkuaz-grup.com\/tr\/wp-json\/wp\/v2\/users\/1"}],"replies":[{"embeddable":true,"href":"https:\/\/marketpos.turkuaz-grup.com\/tr\/wp-json\/wp\/v2\/comments?post=787"}],"version-history":[{"count":6,"href":"https:\/\/marketpos.turkuaz-grup.com\/tr\/wp-json\/wp\/v2\/pages\/787\/revisions"}],"predecessor-version":[{"id":2138,"href":"https:\/\/marketpos.turkuaz-grup.com\/tr\/wp-json\/wp\/v2\/pages\/787\/revisions\/2138"}],"up":[{"embeddable":true,"href":"https:\/\/marketpos.turkuaz-grup.com\/tr\/wp-json\/wp\/v2\/pages\/733"}],"wp:attachment":[{"href":"https:\/\/marketpos.turkuaz-grup.com\/tr\/wp-json\/wp\/v2\/media?parent=787"}],"curies":[{"name":"wp","href":"https:\/\/api.w.org\/{rel}","templated":true}]}}