{"id":1973,"date":"2023-10-16T23:26:05","date_gmt":"2023-10-16T23:26:05","guid":{"rendered":"https:\/\/marketpos.turkuaz-grup.com\/tr\/?page_id=1973"},"modified":"2023-11-06T00:32:15","modified_gmt":"2023-11-06T00:32:15","slug":"bluetooth-fis-yazicisini-marketpos-uygulamasina-nasil-baglarim","status":"publish","type":"page","link":"https:\/\/marketpos.turkuaz-grup.com\/tr\/marketpos-yardim-merkezi\/bluetooth-fis-yazicisini-marketpos-uygulamasina-nasil-baglarim\/","title":{"rendered":"Bluetooth Fi\u015f Yaz\u0131c\u0131s\u0131n\u0131 MarketPOS Uygulamas\u0131na Nas\u0131l Ba\u011flar\u0131m?"},"content":{"rendered":"\n<p>Bluetooth yaz\u0131c\u0131n\u0131z\u0131 uygulamaya ba\u011flayarak \u00e7\u0131kt\u0131lar\u0131n\u0131z\u0131 alabilir ve m\u00fc\u015fterilerinize bilgilendirme yapabilirsiniz. B\u00f6ylelikle i\u015fletmenizi daha rahat y\u00f6netebilirsiniz.<\/p>\n\n\n\n<p>Bu sayfada Bluetooth makbuz yaz\u0131c\u0131s\u0131n\u0131n uygulamaya nas\u0131l ba\u011flanaca\u011f\u0131 a\u00e7\u0131klanmaktad\u0131r. <\/p>\n\n\n\n<p>ADIMLAR: <\/p>\n\n\n\n<p>1- RePOS uygulamas\u0131na \u201c<strong>S\u0130STEM Y\u00d6NET\u0130C\u0130S\u0130<\/strong>\u201d kullan\u0131c\u0131s\u0131 ile giri\u015f yap\u0131n\u0131z.<\/p>\n\n\n<div class=\"wp-block-image\">\n<figure class=\"aligncenter size-large\"><img decoding=\"async\" loading=\"lazy\" width=\"473\" height=\"1024\" src=\"https:\/\/marketpos.turkuaz-grup.com\/tr\/wp-content\/uploads\/sites\/2\/2023\/10\/MarketPOS-1-473x1024.jpg\" alt=\"\" class=\"wp-image-1974\" srcset=\"https:\/\/marketpos.turkuaz-grup.com\/tr\/wp-content\/uploads\/sites\/2\/2023\/10\/MarketPOS-1-473x1024.jpg 473w, https:\/\/marketpos.turkuaz-grup.com\/tr\/wp-content\/uploads\/sites\/2\/2023\/10\/MarketPOS-1-138x300.jpg 138w, https:\/\/marketpos.turkuaz-grup.com\/tr\/wp-content\/uploads\/sites\/2\/2023\/10\/MarketPOS-1-768x1664.jpg 768w, https:\/\/marketpos.turkuaz-grup.com\/tr\/wp-content\/uploads\/sites\/2\/2023\/10\/MarketPOS-1-709x1536.jpg 709w, https:\/\/marketpos.turkuaz-grup.com\/tr\/wp-content\/uploads\/sites\/2\/2023\/10\/MarketPOS-1-945x2048.jpg 945w, https:\/\/marketpos.turkuaz-grup.com\/tr\/wp-content\/uploads\/sites\/2\/2023\/10\/MarketPOS-1-28x60.jpg 28w, https:\/\/marketpos.turkuaz-grup.com\/tr\/wp-content\/uploads\/sites\/2\/2023\/10\/MarketPOS-1.jpg 1080w\" sizes=\"(max-width: 473px) 100vw, 473px\" \/><\/figure><\/div>\n\n\n<div style=\"height:80px\" aria-hidden=\"true\" class=\"wp-block-spacer\"><\/div>\n\n\n\n<p>2- Daha sonra sol \u00fcstteki \u00e7izgili b\u00f6l\u00fcmden <strong>Y\u00f6netim Men\u00fcs\u00fc<\/strong>&#8216;ne girerek <strong>Y\u00f6netici Ayarlar\u0131<\/strong> b\u00f6l\u00fcm\u00fcne eri\u015fin. <strong>KAS\u0130YER MEN\u00dcLER\u0130<\/strong>&#8216;ne ve ard\u0131ndan <strong>Kasiyer Ayarlar\u0131<\/strong>&#8216;na t\u0131klay\u0131n.<\/p>\n\n\n\n<div class=\"wp-block-group is-nowrap is-layout-flex wp-container-3 wp-block-group-is-layout-flex\">\n<figure class=\"wp-block-gallery has-nested-images columns-default is-cropped wp-block-gallery-1 is-layout-flex wp-block-gallery-is-layout-flex\">\n<figure class=\"wp-block-image size-large\"><img decoding=\"async\" loading=\"lazy\" width=\"473\" height=\"1024\" src=\"https:\/\/marketpos.turkuaz-grup.com\/tr\/wp-content\/uploads\/sites\/2\/2023\/10\/MarketPOS-2-473x1024.jpg\" alt=\"\" class=\"wp-image-1975\" srcset=\"https:\/\/marketpos.turkuaz-grup.com\/tr\/wp-content\/uploads\/sites\/2\/2023\/10\/MarketPOS-2-473x1024.jpg 473w, https:\/\/marketpos.turkuaz-grup.com\/tr\/wp-content\/uploads\/sites\/2\/2023\/10\/MarketPOS-2-138x300.jpg 138w, https:\/\/marketpos.turkuaz-grup.com\/tr\/wp-content\/uploads\/sites\/2\/2023\/10\/MarketPOS-2-768x1664.jpg 768w, https:\/\/marketpos.turkuaz-grup.com\/tr\/wp-content\/uploads\/sites\/2\/2023\/10\/MarketPOS-2-709x1536.jpg 709w, https:\/\/marketpos.turkuaz-grup.com\/tr\/wp-content\/uploads\/sites\/2\/2023\/10\/MarketPOS-2-945x2048.jpg 945w, https:\/\/marketpos.turkuaz-grup.com\/tr\/wp-content\/uploads\/sites\/2\/2023\/10\/MarketPOS-2-28x60.jpg 28w, https:\/\/marketpos.turkuaz-grup.com\/tr\/wp-content\/uploads\/sites\/2\/2023\/10\/MarketPOS-2.jpg 1080w\" sizes=\"(max-width: 473px) 100vw, 473px\" \/><\/figure>\n\n\n\n<figure class=\"wp-block-image size-large\"><img decoding=\"async\" loading=\"lazy\" width=\"473\" height=\"1024\" src=\"https:\/\/marketpos.turkuaz-grup.com\/tr\/wp-content\/uploads\/sites\/2\/2023\/10\/MarketPOS-3-473x1024.jpg\" alt=\"\" class=\"wp-image-1976\" srcset=\"https:\/\/marketpos.turkuaz-grup.com\/tr\/wp-content\/uploads\/sites\/2\/2023\/10\/MarketPOS-3-473x1024.jpg 473w, https:\/\/marketpos.turkuaz-grup.com\/tr\/wp-content\/uploads\/sites\/2\/2023\/10\/MarketPOS-3-138x300.jpg 138w, https:\/\/marketpos.turkuaz-grup.com\/tr\/wp-content\/uploads\/sites\/2\/2023\/10\/MarketPOS-3-768x1664.jpg 768w, https:\/\/marketpos.turkuaz-grup.com\/tr\/wp-content\/uploads\/sites\/2\/2023\/10\/MarketPOS-3-709x1536.jpg 709w, https:\/\/marketpos.turkuaz-grup.com\/tr\/wp-content\/uploads\/sites\/2\/2023\/10\/MarketPOS-3-945x2048.jpg 945w, https:\/\/marketpos.turkuaz-grup.com\/tr\/wp-content\/uploads\/sites\/2\/2023\/10\/MarketPOS-3-28x60.jpg 28w, https:\/\/marketpos.turkuaz-grup.com\/tr\/wp-content\/uploads\/sites\/2\/2023\/10\/MarketPOS-3.jpg 1080w\" sizes=\"(max-width: 473px) 100vw, 473px\" \/><\/figure>\n<\/figure>\n<\/div>\n\n\n\n<div style=\"height:80px\" aria-hidden=\"true\" class=\"wp-block-spacer\"><\/div>\n\n\n\n<p>3- A\u00e7\u0131lan ekranda <strong>Kasiyer Yaz\u0131c\u0131 Ayarlar\u0131<\/strong> sekmesine giri\u015f yap\u0131n. Kar\u015f\u0131n\u0131za iki se\u00e7enek \u00e7\u0131kacakt\u0131r. Bunlar <strong>Temel Ayarlar<\/strong> ve <strong>Fi\u015f Ayarlar\u0131<\/strong>&#8216;d\u0131r. <strong>Temel Ayarlar<\/strong> b\u00f6l\u00fcm\u00fcnden <strong>Yaz\u0131c\u0131 Se\u00e7imi<\/strong> sekmesine dokunun. Buradan <strong>Bluetooth Yaz\u0131c\u0131<\/strong> se\u00e7ene\u011fini i\u015faretleyin.<\/p>\n\n\n\n<div class=\"wp-block-group is-nowrap is-layout-flex wp-container-6 wp-block-group-is-layout-flex\">\n<figure class=\"wp-block-gallery has-nested-images columns-default is-cropped wp-block-gallery-4 is-layout-flex wp-block-gallery-is-layout-flex\">\n<figure class=\"wp-block-image size-large\"><img decoding=\"async\" loading=\"lazy\" width=\"473\" height=\"1024\" src=\"https:\/\/marketpos.turkuaz-grup.com\/tr\/wp-content\/uploads\/sites\/2\/2023\/10\/MarketPOS-4-473x1024.jpg\" alt=\"\" class=\"wp-image-1977\" srcset=\"https:\/\/marketpos.turkuaz-grup.com\/tr\/wp-content\/uploads\/sites\/2\/2023\/10\/MarketPOS-4-473x1024.jpg 473w, https:\/\/marketpos.turkuaz-grup.com\/tr\/wp-content\/uploads\/sites\/2\/2023\/10\/MarketPOS-4-138x300.jpg 138w, https:\/\/marketpos.turkuaz-grup.com\/tr\/wp-content\/uploads\/sites\/2\/2023\/10\/MarketPOS-4-768x1664.jpg 768w, https:\/\/marketpos.turkuaz-grup.com\/tr\/wp-content\/uploads\/sites\/2\/2023\/10\/MarketPOS-4-709x1536.jpg 709w, https:\/\/marketpos.turkuaz-grup.com\/tr\/wp-content\/uploads\/sites\/2\/2023\/10\/MarketPOS-4-945x2048.jpg 945w, https:\/\/marketpos.turkuaz-grup.com\/tr\/wp-content\/uploads\/sites\/2\/2023\/10\/MarketPOS-4-28x60.jpg 28w, https:\/\/marketpos.turkuaz-grup.com\/tr\/wp-content\/uploads\/sites\/2\/2023\/10\/MarketPOS-4.jpg 1080w\" sizes=\"(max-width: 473px) 100vw, 473px\" \/><\/figure>\n\n\n\n<figure class=\"wp-block-image size-large\"><img decoding=\"async\" loading=\"lazy\" width=\"473\" height=\"1024\" src=\"https:\/\/marketpos.turkuaz-grup.com\/tr\/wp-content\/uploads\/sites\/2\/2023\/10\/MarketPOS-5-473x1024.jpg\" alt=\"\" class=\"wp-image-1978\" srcset=\"https:\/\/marketpos.turkuaz-grup.com\/tr\/wp-content\/uploads\/sites\/2\/2023\/10\/MarketPOS-5-473x1024.jpg 473w, https:\/\/marketpos.turkuaz-grup.com\/tr\/wp-content\/uploads\/sites\/2\/2023\/10\/MarketPOS-5-138x300.jpg 138w, https:\/\/marketpos.turkuaz-grup.com\/tr\/wp-content\/uploads\/sites\/2\/2023\/10\/MarketPOS-5-768x1664.jpg 768w, https:\/\/marketpos.turkuaz-grup.com\/tr\/wp-content\/uploads\/sites\/2\/2023\/10\/MarketPOS-5-709x1536.jpg 709w, https:\/\/marketpos.turkuaz-grup.com\/tr\/wp-content\/uploads\/sites\/2\/2023\/10\/MarketPOS-5-945x2048.jpg 945w, https:\/\/marketpos.turkuaz-grup.com\/tr\/wp-content\/uploads\/sites\/2\/2023\/10\/MarketPOS-5-28x60.jpg 28w, https:\/\/marketpos.turkuaz-grup.com\/tr\/wp-content\/uploads\/sites\/2\/2023\/10\/MarketPOS-5.jpg 1080w\" sizes=\"(max-width: 473px) 100vw, 473px\" \/><\/figure>\n<\/figure>\n<\/div>\n\n\n\n<div style=\"height:80px\" aria-hidden=\"true\" class=\"wp-block-spacer\"><\/div>\n\n\n\n<p>4- Ba\u011flanmak istedi\u011finiz<strong> Bluetooth cihaz\u0131na<\/strong> t\u0131klay\u0131n.<\/p>\n\n\n\n<p>Not: L\u00fctfen \u00f6ncelikle bluetooth cihaz\u0131n\u0131z\u0131 kulland\u0131\u011f\u0131n\u0131z cihazla e\u015fle\u015ftirin. \u00d6rnek cihaz olarak <strong>PT-210<\/strong> modeli kullan\u0131ld\u0131.<\/p>\n\n\n<div class=\"wp-block-image\">\n<figure class=\"aligncenter size-large\"><img decoding=\"async\" loading=\"lazy\" width=\"473\" height=\"1024\" src=\"https:\/\/marketpos.turkuaz-grup.com\/tr\/wp-content\/uploads\/sites\/2\/2023\/10\/MarketPOS-7-473x1024.jpg\" alt=\"\" class=\"wp-image-1979\" srcset=\"https:\/\/marketpos.turkuaz-grup.com\/tr\/wp-content\/uploads\/sites\/2\/2023\/10\/MarketPOS-7-473x1024.jpg 473w, https:\/\/marketpos.turkuaz-grup.com\/tr\/wp-content\/uploads\/sites\/2\/2023\/10\/MarketPOS-7-138x300.jpg 138w, https:\/\/marketpos.turkuaz-grup.com\/tr\/wp-content\/uploads\/sites\/2\/2023\/10\/MarketPOS-7-768x1664.jpg 768w, https:\/\/marketpos.turkuaz-grup.com\/tr\/wp-content\/uploads\/sites\/2\/2023\/10\/MarketPOS-7-709x1536.jpg 709w, https:\/\/marketpos.turkuaz-grup.com\/tr\/wp-content\/uploads\/sites\/2\/2023\/10\/MarketPOS-7-945x2048.jpg 945w, https:\/\/marketpos.turkuaz-grup.com\/tr\/wp-content\/uploads\/sites\/2\/2023\/10\/MarketPOS-7-28x60.jpg 28w, https:\/\/marketpos.turkuaz-grup.com\/tr\/wp-content\/uploads\/sites\/2\/2023\/10\/MarketPOS-7.jpg 1080w\" sizes=\"(max-width: 473px) 100vw, 473px\" \/><\/figure><\/div>\n\n\n<div style=\"height:80px\" aria-hidden=\"true\" class=\"wp-block-spacer\"><\/div>\n\n\n\n<p>5- Ba\u011flant\u0131 tamamland\u0131ktan sonra <strong>Yazd\u0131rma Dilini<\/strong> de\u011fi\u015ftirmek i\u00e7in <strong>Temel Ayarlar<\/strong> b\u00f6l\u00fcm\u00fcnden <strong>Yaz\u0131c\u0131 Karakter Kodunu De\u011fi\u015ftir<\/strong> se\u00e7ene\u011fini a\u00e7\u0131n. A\u00e7\u0131lan ekranda Bluetooth cihaz\u0131n\u0131z\u0131n Karakter Kodunu buraya yaz\u0131n.<\/p>\n\n\n\n<div class=\"wp-block-group is-nowrap is-layout-flex wp-container-9 wp-block-group-is-layout-flex\">\n<figure class=\"wp-block-gallery has-nested-images columns-default is-cropped wp-block-gallery-7 is-layout-flex wp-block-gallery-is-layout-flex\">\n<figure class=\"wp-block-image size-large\"><img decoding=\"async\" loading=\"lazy\" width=\"473\" height=\"1024\" src=\"https:\/\/marketpos.turkuaz-grup.com\/tr\/wp-content\/uploads\/sites\/2\/2023\/10\/Marketpos-9-473x1024.jpg\" alt=\"\" class=\"wp-image-1980\" srcset=\"https:\/\/marketpos.turkuaz-grup.com\/tr\/wp-content\/uploads\/sites\/2\/2023\/10\/Marketpos-9-473x1024.jpg 473w, https:\/\/marketpos.turkuaz-grup.com\/tr\/wp-content\/uploads\/sites\/2\/2023\/10\/Marketpos-9-138x300.jpg 138w, https:\/\/marketpos.turkuaz-grup.com\/tr\/wp-content\/uploads\/sites\/2\/2023\/10\/Marketpos-9-768x1664.jpg 768w, https:\/\/marketpos.turkuaz-grup.com\/tr\/wp-content\/uploads\/sites\/2\/2023\/10\/Marketpos-9-709x1536.jpg 709w, https:\/\/marketpos.turkuaz-grup.com\/tr\/wp-content\/uploads\/sites\/2\/2023\/10\/Marketpos-9-945x2048.jpg 945w, https:\/\/marketpos.turkuaz-grup.com\/tr\/wp-content\/uploads\/sites\/2\/2023\/10\/Marketpos-9-28x60.jpg 28w, https:\/\/marketpos.turkuaz-grup.com\/tr\/wp-content\/uploads\/sites\/2\/2023\/10\/Marketpos-9.jpg 1080w\" sizes=\"(max-width: 473px) 100vw, 473px\" \/><\/figure>\n\n\n\n<figure class=\"wp-block-image size-large\"><img decoding=\"async\" loading=\"lazy\" width=\"473\" height=\"1024\" src=\"https:\/\/marketpos.turkuaz-grup.com\/tr\/wp-content\/uploads\/sites\/2\/2023\/10\/MarketPOS-10-473x1024.jpg\" alt=\"\" class=\"wp-image-1981\" srcset=\"https:\/\/marketpos.turkuaz-grup.com\/tr\/wp-content\/uploads\/sites\/2\/2023\/10\/MarketPOS-10-473x1024.jpg 473w, https:\/\/marketpos.turkuaz-grup.com\/tr\/wp-content\/uploads\/sites\/2\/2023\/10\/MarketPOS-10-138x300.jpg 138w, https:\/\/marketpos.turkuaz-grup.com\/tr\/wp-content\/uploads\/sites\/2\/2023\/10\/MarketPOS-10-768x1664.jpg 768w, https:\/\/marketpos.turkuaz-grup.com\/tr\/wp-content\/uploads\/sites\/2\/2023\/10\/MarketPOS-10-709x1536.jpg 709w, https:\/\/marketpos.turkuaz-grup.com\/tr\/wp-content\/uploads\/sites\/2\/2023\/10\/MarketPOS-10-945x2048.jpg 945w, https:\/\/marketpos.turkuaz-grup.com\/tr\/wp-content\/uploads\/sites\/2\/2023\/10\/MarketPOS-10-28x60.jpg 28w, https:\/\/marketpos.turkuaz-grup.com\/tr\/wp-content\/uploads\/sites\/2\/2023\/10\/MarketPOS-10.jpg 1080w\" sizes=\"(max-width: 473px) 100vw, 473px\" \/><\/figure>\n<\/figure>\n<\/div>\n\n\n\n<p>6- Bluetooth cihaz\u0131n\u0131z\u0131n MarketPOS uygulamas\u0131na ba\u011flant\u0131s\u0131 ba\u015far\u0131yla tamamlanm\u0131\u015ft\u0131r.<\/p>\n\n\n\n<div style=\"height:50px\" aria-hidden=\"true\" class=\"wp-block-spacer\"><\/div>\n\n\n\n<p>\u0130lgili di\u011fer sayfalar<\/p>\n\n\n\n<ul>\n<li><a href=\"https:\/\/marketpos.turkuaz-grup.com\/tr\/marketpos-yardim-merkezi\/marketposa-ethernet-fis-yazici-nasil-baglanir\/\" target=\"_blank\" rel=\"noreferrer noopener\">MarketPOS\u2019a Ethernet Fi\u015f Yaz\u0131c\u0131 Nas\u0131l Ba\u011flan\u0131r?<\/a><\/li>\n\n\n\n<li><a href=\"https:\/\/marketpos.turkuaz-grup.com\/tr\/marketpos-yardim-merkezi\/marketpos-uygulamasina-usb-fis-yazici-nasil-baglanir\/\" target=\"_blank\" rel=\"noreferrer noopener\">MarketPOS Uygulamas\u0131na USB Fi\u015f Yaz\u0131c\u0131 Nas\u0131l Ba\u011flan\u0131r?<\/a><\/li>\n<\/ul>\n","protected":false},"excerpt":{"rendered":"<p>Bluetooth yaz\u0131c\u0131n\u0131z\u0131 uygulamaya ba\u011flayarak \u00e7\u0131kt\u0131lar\u0131n\u0131z\u0131 alabilir ve m\u00fc\u015fterilerinize bilgilendirme yapabilirsiniz. B\u00f6ylelikle i\u015fletmenizi daha rahat y\u00f6netebilirsiniz. Bu sayfada Bluetooth makbuz yaz\u0131c\u0131s\u0131n\u0131n uygulamaya nas\u0131l ba\u011flanaca\u011f\u0131 a\u00e7\u0131klanmaktad\u0131r. ADIMLAR: 1- RePOS uygulamas\u0131na \u201cS\u0130STEM Y\u00d6NET\u0130C\u0130S\u0130\u201d kullan\u0131c\u0131s\u0131 ile giri\u015f yap\u0131n\u0131z. 2- &hellip; <\/p>\n","protected":false},"author":1,"featured_media":0,"parent":733,"menu_order":0,"comment_status":"closed","ping_status":"closed","template":"","meta":{"footnotes":""},"yoast_head":"<!-- This site is optimized with the Yoast SEO plugin v20.13 - https:\/\/yoast.com\/wordpress\/plugins\/seo\/ -->\n<title>Bluetooth Fi\u015f Yaz\u0131c\u0131s\u0131n\u0131 MarketPOS Uygulamas\u0131na Nas\u0131l Ba\u011flar\u0131m? - MarketPOS<\/title>\n<meta name=\"description\" content=\"Market sat\u0131\u015f stok sistemi\" \/>\n<meta name=\"robots\" content=\"index, follow, max-snippet:-1, max-image-preview:large, max-video-preview:-1\" \/>\n<link rel=\"canonical\" href=\"https:\/\/marketpos.turkuaz-grup.com\/tr\/marketpos-yardim-merkezi\/bluetooth-fis-yazicisini-marketpos-uygulamasina-nasil-baglarim\/\" \/>\n<meta property=\"og:locale\" content=\"tr_TR\" \/>\n<meta property=\"og:type\" content=\"article\" \/>\n<meta property=\"og:title\" content=\"Bluetooth Fi\u015f Yaz\u0131c\u0131s\u0131n\u0131 MarketPOS Uygulamas\u0131na Nas\u0131l Ba\u011flar\u0131m? - MarketPOS\" \/>\n<meta property=\"og:description\" content=\"Market sat\u0131\u015f stok sistemi\" \/>\n<meta property=\"og:url\" content=\"https:\/\/marketpos.turkuaz-grup.com\/tr\/marketpos-yardim-merkezi\/bluetooth-fis-yazicisini-marketpos-uygulamasina-nasil-baglarim\/\" \/>\n<meta property=\"og:site_name\" content=\"MarketPOS\" \/>\n<meta property=\"article:publisher\" content=\"https:\/\/www.facebook.com\/Turkuaz-Grup-Teknoloji-100140012062604\/?ref=page_internal\" \/>\n<meta property=\"article:modified_time\" content=\"2023-11-06T00:32:15+00:00\" \/>\n<meta property=\"og:image\" content=\"https:\/\/marketpos.turkuaz-grup.com\/tr\/wp-content\/uploads\/sites\/2\/2023\/10\/MarketPOS-1-473x1024.jpg\" \/>\n<meta name=\"twitter:card\" content=\"summary_large_image\" \/>\n<meta name=\"twitter:label1\" content=\"Tahmini okuma s\u00fcresi\" \/>\n\t<meta name=\"twitter:data1\" content=\"3 dakika\" \/>\n<script type=\"application\/ld+json\" class=\"yoast-schema-graph\">{\"@context\":\"https:\/\/schema.org\",\"@graph\":[{\"@type\":\"WebPage\",\"@id\":\"https:\/\/marketpos.turkuaz-grup.com\/tr\/marketpos-yardim-merkezi\/bluetooth-fis-yazicisini-marketpos-uygulamasina-nasil-baglarim\/\",\"url\":\"https:\/\/marketpos.turkuaz-grup.com\/tr\/marketpos-yardim-merkezi\/bluetooth-fis-yazicisini-marketpos-uygulamasina-nasil-baglarim\/\",\"name\":\"Bluetooth Fi\u015f Yaz\u0131c\u0131s\u0131n\u0131 MarketPOS Uygulamas\u0131na Nas\u0131l Ba\u011flar\u0131m? - MarketPOS\",\"isPartOf\":{\"@id\":\"https:\/\/marketpos.turkuaz-grup.com\/tr\/#website\"},\"datePublished\":\"2023-10-16T23:26:05+00:00\",\"dateModified\":\"2023-11-06T00:32:15+00:00\",\"description\":\"Market sat\u0131\u015f stok sistemi\",\"breadcrumb\":{\"@id\":\"https:\/\/marketpos.turkuaz-grup.com\/tr\/marketpos-yardim-merkezi\/bluetooth-fis-yazicisini-marketpos-uygulamasina-nasil-baglarim\/#breadcrumb\"},\"inLanguage\":\"tr\",\"potentialAction\":[{\"@type\":\"ReadAction\",\"target\":[\"https:\/\/marketpos.turkuaz-grup.com\/tr\/marketpos-yardim-merkezi\/bluetooth-fis-yazicisini-marketpos-uygulamasina-nasil-baglarim\/\"]}]},{\"@type\":\"BreadcrumbList\",\"@id\":\"https:\/\/marketpos.turkuaz-grup.com\/tr\/marketpos-yardim-merkezi\/bluetooth-fis-yazicisini-marketpos-uygulamasina-nasil-baglarim\/#breadcrumb\",\"itemListElement\":[{\"@type\":\"ListItem\",\"position\":1,\"name\":\"Home\",\"item\":\"https:\/\/marketpos.turkuaz-grup.com\/tr\/\"},{\"@type\":\"ListItem\",\"position\":2,\"name\":\"MarketPOS Yard\u0131m Merkezi\",\"item\":\"https:\/\/marketpos.turkuaz-grup.com\/tr\/marketpos-yardim-merkezi\/\"},{\"@type\":\"ListItem\",\"position\":3,\"name\":\"Bluetooth Fi\u015f Yaz\u0131c\u0131s\u0131n\u0131 MarketPOS Uygulamas\u0131na Nas\u0131l Ba\u011flar\u0131m?\"}]},{\"@type\":\"WebSite\",\"@id\":\"https:\/\/marketpos.turkuaz-grup.com\/tr\/#website\",\"url\":\"https:\/\/marketpos.turkuaz-grup.com\/tr\/\",\"name\":\"MarketPOS\",\"description\":\"Sat\u0131\u015f ve Stok POS Sistemi\",\"publisher\":{\"@id\":\"https:\/\/marketpos.turkuaz-grup.com\/tr\/#organization\"},\"potentialAction\":[{\"@type\":\"SearchAction\",\"target\":{\"@type\":\"EntryPoint\",\"urlTemplate\":\"https:\/\/marketpos.turkuaz-grup.com\/tr\/?s={search_term_string}\"},\"query-input\":\"required name=search_term_string\"}],\"inLanguage\":\"tr\"},{\"@type\":\"Organization\",\"@id\":\"https:\/\/marketpos.turkuaz-grup.com\/tr\/#organization\",\"name\":\"MarketPOS\",\"url\":\"https:\/\/marketpos.turkuaz-grup.com\/tr\/\",\"logo\":{\"@type\":\"ImageObject\",\"inLanguage\":\"tr\",\"@id\":\"https:\/\/marketpos.turkuaz-grup.com\/tr\/#\/schema\/logo\/image\/\",\"url\":\"https:\/\/marketpos.turkuaz-grup.com\/tr\/wp-content\/uploads\/sites\/2\/2022\/08\/cropped-cropped-marketpos_logo-tasarimi_512x512-01.png\",\"contentUrl\":\"https:\/\/marketpos.turkuaz-grup.com\/tr\/wp-content\/uploads\/sites\/2\/2022\/08\/cropped-cropped-marketpos_logo-tasarimi_512x512-01.png\",\"width\":512,\"height\":512,\"caption\":\"MarketPOS\"},\"image\":{\"@id\":\"https:\/\/marketpos.turkuaz-grup.com\/tr\/#\/schema\/logo\/image\/\"},\"sameAs\":[\"https:\/\/www.facebook.com\/Turkuaz-Grup-Teknoloji-100140012062604\/?ref=page_internal\"]}]}<\/script>\n<!-- \/ Yoast SEO plugin. -->","yoast_head_json":{"title":"Bluetooth Fi\u015f Yaz\u0131c\u0131s\u0131n\u0131 MarketPOS Uygulamas\u0131na Nas\u0131l Ba\u011flar\u0131m? - MarketPOS","description":"Market sat\u0131\u015f stok sistemi","robots":{"index":"index","follow":"follow","max-snippet":"max-snippet:-1","max-image-preview":"max-image-preview:large","max-video-preview":"max-video-preview:-1"},"canonical":"https:\/\/marketpos.turkuaz-grup.com\/tr\/marketpos-yardim-merkezi\/bluetooth-fis-yazicisini-marketpos-uygulamasina-nasil-baglarim\/","og_locale":"tr_TR","og_type":"article","og_title":"Bluetooth Fi\u015f Yaz\u0131c\u0131s\u0131n\u0131 MarketPOS Uygulamas\u0131na Nas\u0131l Ba\u011flar\u0131m? - MarketPOS","og_description":"Market sat\u0131\u015f stok sistemi","og_url":"https:\/\/marketpos.turkuaz-grup.com\/tr\/marketpos-yardim-merkezi\/bluetooth-fis-yazicisini-marketpos-uygulamasina-nasil-baglarim\/","og_site_name":"MarketPOS","article_publisher":"https:\/\/www.facebook.com\/Turkuaz-Grup-Teknoloji-100140012062604\/?ref=page_internal","article_modified_time":"2023-11-06T00:32:15+00:00","og_image":[{"url":"https:\/\/marketpos.turkuaz-grup.com\/tr\/wp-content\/uploads\/sites\/2\/2023\/10\/MarketPOS-1-473x1024.jpg"}],"twitter_card":"summary_large_image","twitter_misc":{"Tahmini okuma s\u00fcresi":"3 dakika"},"schema":{"@context":"https:\/\/schema.org","@graph":[{"@type":"WebPage","@id":"https:\/\/marketpos.turkuaz-grup.com\/tr\/marketpos-yardim-merkezi\/bluetooth-fis-yazicisini-marketpos-uygulamasina-nasil-baglarim\/","url":"https:\/\/marketpos.turkuaz-grup.com\/tr\/marketpos-yardim-merkezi\/bluetooth-fis-yazicisini-marketpos-uygulamasina-nasil-baglarim\/","name":"Bluetooth Fi\u015f Yaz\u0131c\u0131s\u0131n\u0131 MarketPOS Uygulamas\u0131na Nas\u0131l Ba\u011flar\u0131m? - MarketPOS","isPartOf":{"@id":"https:\/\/marketpos.turkuaz-grup.com\/tr\/#website"},"datePublished":"2023-10-16T23:26:05+00:00","dateModified":"2023-11-06T00:32:15+00:00","description":"Market sat\u0131\u015f stok sistemi","breadcrumb":{"@id":"https:\/\/marketpos.turkuaz-grup.com\/tr\/marketpos-yardim-merkezi\/bluetooth-fis-yazicisini-marketpos-uygulamasina-nasil-baglarim\/#breadcrumb"},"inLanguage":"tr","potentialAction":[{"@type":"ReadAction","target":["https:\/\/marketpos.turkuaz-grup.com\/tr\/marketpos-yardim-merkezi\/bluetooth-fis-yazicisini-marketpos-uygulamasina-nasil-baglarim\/"]}]},{"@type":"BreadcrumbList","@id":"https:\/\/marketpos.turkuaz-grup.com\/tr\/marketpos-yardim-merkezi\/bluetooth-fis-yazicisini-marketpos-uygulamasina-nasil-baglarim\/#breadcrumb","itemListElement":[{"@type":"ListItem","position":1,"name":"Home","item":"https:\/\/marketpos.turkuaz-grup.com\/tr\/"},{"@type":"ListItem","position":2,"name":"MarketPOS Yard\u0131m Merkezi","item":"https:\/\/marketpos.turkuaz-grup.com\/tr\/marketpos-yardim-merkezi\/"},{"@type":"ListItem","position":3,"name":"Bluetooth Fi\u015f Yaz\u0131c\u0131s\u0131n\u0131 MarketPOS Uygulamas\u0131na Nas\u0131l Ba\u011flar\u0131m?"}]},{"@type":"WebSite","@id":"https:\/\/marketpos.turkuaz-grup.com\/tr\/#website","url":"https:\/\/marketpos.turkuaz-grup.com\/tr\/","name":"MarketPOS","description":"Sat\u0131\u015f ve Stok POS Sistemi","publisher":{"@id":"https:\/\/marketpos.turkuaz-grup.com\/tr\/#organization"},"potentialAction":[{"@type":"SearchAction","target":{"@type":"EntryPoint","urlTemplate":"https:\/\/marketpos.turkuaz-grup.com\/tr\/?s={search_term_string}"},"query-input":"required name=search_term_string"}],"inLanguage":"tr"},{"@type":"Organization","@id":"https:\/\/marketpos.turkuaz-grup.com\/tr\/#organization","name":"MarketPOS","url":"https:\/\/marketpos.turkuaz-grup.com\/tr\/","logo":{"@type":"ImageObject","inLanguage":"tr","@id":"https:\/\/marketpos.turkuaz-grup.com\/tr\/#\/schema\/logo\/image\/","url":"https:\/\/marketpos.turkuaz-grup.com\/tr\/wp-content\/uploads\/sites\/2\/2022\/08\/cropped-cropped-marketpos_logo-tasarimi_512x512-01.png","contentUrl":"https:\/\/marketpos.turkuaz-grup.com\/tr\/wp-content\/uploads\/sites\/2\/2022\/08\/cropped-cropped-marketpos_logo-tasarimi_512x512-01.png","width":512,"height":512,"caption":"MarketPOS"},"image":{"@id":"https:\/\/marketpos.turkuaz-grup.com\/tr\/#\/schema\/logo\/image\/"},"sameAs":["https:\/\/www.facebook.com\/Turkuaz-Grup-Teknoloji-100140012062604\/?ref=page_internal"]}]}},"_links":{"self":[{"href":"https:\/\/marketpos.turkuaz-grup.com\/tr\/wp-json\/wp\/v2\/pages\/1973"}],"collection":[{"href":"https:\/\/marketpos.turkuaz-grup.com\/tr\/wp-json\/wp\/v2\/pages"}],"about":[{"href":"https:\/\/marketpos.turkuaz-grup.com\/tr\/wp-json\/wp\/v2\/types\/page"}],"author":[{"embeddable":true,"href":"https:\/\/marketpos.turkuaz-grup.com\/tr\/wp-json\/wp\/v2\/users\/1"}],"replies":[{"embeddable":true,"href":"https:\/\/marketpos.turkuaz-grup.com\/tr\/wp-json\/wp\/v2\/comments?post=1973"}],"version-history":[{"count":8,"href":"https:\/\/marketpos.turkuaz-grup.com\/tr\/wp-json\/wp\/v2\/pages\/1973\/revisions"}],"predecessor-version":[{"id":2190,"href":"https:\/\/marketpos.turkuaz-grup.com\/tr\/wp-json\/wp\/v2\/pages\/1973\/revisions\/2190"}],"up":[{"embeddable":true,"href":"https:\/\/marketpos.turkuaz-grup.com\/tr\/wp-json\/wp\/v2\/pages\/733"}],"wp:attachment":[{"href":"https:\/\/marketpos.turkuaz-grup.com\/tr\/wp-json\/wp\/v2\/media?parent=1973"}],"curies":[{"name":"wp","href":"https:\/\/api.w.org\/{rel}","templated":true}]}}